{"id":2656,"date":"2021-01-12T09:32:15","date_gmt":"2021-01-12T09:32:15","guid":{"rendered":"https:\/\/chateaudetarge.fr\/?page_id=2656"},"modified":"2024-10-01T13:36:59","modified_gmt":"2024-10-01T13:36:59","slug":"home","status":"publish","type":"page","link":"https:\/\/chateaudetarge.fr\/en\/","title":{"rendered":"Home"},"content":{"rendered":"<p>[et_pb_section fb_built=&#8221;1&#8243; admin_label=&#8221;section&#8221; module_class=&#8221;big-head&#8221; _builder_version=&#8221;4.16&#8243; background_image=&#8221;https:\/\/chateaudetarge.fr\/wp-content\/uploads\/grandes-targe-20200620_targe-103-scaled.jpg&#8221; global_colors_info=&#8221;{}&#8221;][et_pb_row admin_label=&#8221;row&#8221; _builder_version=&#8221;4.16&#8243; background_size=&#8221;initial&#8221; background_position=&#8221;top_left&#8221; background_repeat=&#8221;repeat&#8221; global_colors_info=&#8221;{}&#8221;][et_pb_column type=&#8221;4_4&#8243; _builder_version=&#8221;4.16&#8243; custom_padding=&#8221;|||&#8221; global_colors_info=&#8221;{}&#8221; custom_padding__hover=&#8221;|||&#8221;][et_pb_text admin_label=&#8221;Ch\u00e2teau de Targ\u00e9, un savoir-faire ancestral&#8221; module_class=&#8221;titre-accueil&#8221; _builder_version=&#8221;4.17.4&#8243; animation_style=&#8221;fade&#8221; global_colors_info=&#8221;{}&#8221;]<\/p>\n<h1>Ch\u00e2teau de Targ\u00e9, an ancestral know-how<\/h1>\n<p>[\/et_pb_text][et_pb_number_counter title=&#8221;From&#8221; number=&#8221;1655&#8243; percent_sign=&#8221;off&#8221; _builder_version=&#8221;4.27.0&#8243; title_level=&#8221;h2&#8243; animation_style=&#8221;fade&#8221; animation_duration=&#8221;600ms&#8221; hover_enabled=&#8221;0&#8243; global_colors_info=&#8221;{}&#8221; sticky_enabled=&#8221;0&#8243;][\/et_pb_number_counter][\/et_pb_column][\/et_pb_row][\/et_pb_section][et_pb_section fb_built=&#8221;1&#8243; make_equal=&#8221;on&#8221; specialty=&#8221;on&#8221; module_class_1=&#8221;topdebord&#8221; module_class_2=&#8221;sect-right&#8221; module_class=&#8221;grisou&#8221; _builder_version=&#8221;4.16&#8243; global_colors_info=&#8221;{}&#8221;][et_pb_column type=&#8221;1_3&#8243; _builder_version=&#8221;4.16&#8243; custom_padding=&#8221;|||&#8221; global_colors_info=&#8221;{}&#8221; custom_padding__hover=&#8221;|||&#8221;][et_pb_cdbm_image src=&#8221;https:\/\/chateaudetarge.fr\/wp-content\/uploads\/chateau-targe-50.jpg&#8221; title_text=&#8221;chateau-targe-50&#8243; animation=&#8221;off&#8221; disabled_on=&#8221;on|on|off&#8221; module_class=&#8221;img-cube ab-txt&#8221; _builder_version=&#8221;4.17.4&#8243; global_colors_info=&#8221;{}&#8221;][\/et_pb_cdbm_image][et_pb_text disabled_on=&#8221;on|on|off&#8221; admin_label=&#8221;Notre terroir&#8221; module_class=&#8221;terroir&#8221; _builder_version=&#8221;4.17.4&#8243; global_colors_info=&#8221;{}&#8221;]<\/p>\n<h2>OUR TERROIR<\/h2>\n<p><span style=\"font-weight: 400;\">On the edge of Parnay\u2019s hillside, with a view on the river Loire, our land sits on our region\u2019s emblematic Tuffeau stone.<\/span><\/p>\n<p><a href=\"\/terroir-vin-saumur-champigny\/\">Learn more<\/a><\/p>\n<p>[\/et_pb_text][\/et_pb_column][et_pb_column type=&#8221;2_3&#8243; specialty_columns=&#8221;2&#8243; _builder_version=&#8221;4.16&#8243; custom_padding=&#8221;|||&#8221; global_colors_info=&#8221;{}&#8221; custom_padding__hover=&#8221;|||&#8221;][et_pb_row_inner column_structure=&#8221;1_2,1_2&#8243; make_equal=&#8221;on&#8221; disabled_on=&#8221;off|off|off&#8221; _builder_version=&#8221;4.16&#8243; global_colors_info=&#8221;{}&#8221;][et_pb_column_inner type=&#8221;1_2&#8243; saved_specialty_column_type=&#8221;2_3&#8243; _builder_version=&#8221;4.16&#8243; global_colors_info=&#8221;{}&#8221;][et_pb_text admin_label=&#8221;Texte intro&#8221; _builder_version=&#8221;4.17.4&#8243; global_colors_info=&#8221;{}&#8221;]<\/p>\n<h2>IN PARNAY, NEAR SAUMUR, OUR VINES<\/h2>\n<p><span style=\"font-weight: 400;\">and the castle overlook the river Loire. We practice organic agriculture to get the purest expression of our limestone soil.\u00a0<\/span><\/p>\n<p><span style=\"font-weight: 400;\">Discover our Chenin and Cabernet Franc clos through our Saumur and Saumur-Champigny wines. <\/span><\/p>\n<p>Paul Pisani-Ferry<br \/><span style=\"font-weight: 400;\">Independent winemaker<\/span><\/p>\n<p>[\/et_pb_text][\/et_pb_column_inner][et_pb_column_inner type=&#8221;1_2&#8243; saved_specialty_column_type=&#8221;2_3&#8243; module_class=&#8221;bloc-blanc&#8221; _builder_version=&#8221;4.16&#8243; global_colors_info=&#8221;{}&#8221;][et_pb_text admin_label=&#8221;code actu &#8221; _builder_version=&#8221;4.17.4&#8243; global_colors_info=&#8221;{}&#8221;]<\/p>\n<!-- liens \u00e0 int\u00e9grer dans le code de la page d'accueil -->\n<link rel=\"stylesheet\" href=\"\/wp-content\/themes\/Tdp-pousse\/owl-carousel\/assets\/owl.carousel.min.css\">\n<link rel=\"stylesheet\" href=\"\/wp-content\/themes\/Tdp-pousse\/owl-carousel\/assets\/owl.theme.default.min.css\">\n<script>\njQuery(document).ready(function(){\n\tjQuery('.owl-carousel.cep').owlCarousel({\n\tloop:true,\n\tmargin:10,\n\tnav:true,\n\tdots:true,\n\tautoplay:false,\n\tsmartSpeed:500,\n\tautoplayTimeout: 7500,\n\tresponsive:{\n\t\t0:{\n\t\t\titems:1\n\t\t},\n\t\t600:{\n\t\t\titems:1\n\t\t},\n\t\t1000:{\n\t\t\titems:1\n\t\t}\n\t}\n\t});\n});\n<\/script>\n<div class=\"owl-carousel cep\"><div class=\"dp_oc_item blocactu section-6881\"\"><div class=\"no-bg unt\"><\/div><div class=\"no-bg-txt\"><a href=\"https:\/\/chateaudetarge.fr\/en\/actualite\/open-house-on-may-18-2024\/\"><span class=\"actitre\">Open house on May 18, 2024<\/span><\/a>Our traditional open house will be held this year on May 18, 2024, from 10 a.m. to 6:30 p.m. at Ch\u00e2teau de Targ\u00e9, to taste old vintages and the new ones coming this yea\u2026 <a href=\"https:\/\/chateaudetarge.fr\/en\/actualite\/open-house-on-may-18-2024\/\">[lire la suite]<\/a><\/div><\/div><div class=\"dp_oc_item blocactu section-6882\"\"><div class=\"no-bg unt\"><\/div><div class=\"no-bg-txt\"><a href=\"https:\/\/chateaudetarge.fr\/en\/actualite\/gold-medal-on-the-rose-ancestral-method\/\"><span class=\"actitre\">Gold Medal on the Ros\u00e9 Ancestral Method<\/span><\/a>Our 2022 pink bubble has just won a Gold medal at the Challenge Mill\u00e9sime Bio which is held every year in Montpellier.<\/div><\/div><div class=\"dp_oc_item blocactu section-6883\"\"><div class=\"no-bg unt\"><\/div><div class=\"no-bg-txt\"><a href=\"https:\/\/chateaudetarge.fr\/en\/actualite\/trade-fairs-2024\/\"><span class=\"actitre\">Trade fairs 2024<\/span><\/a>This year Paul Pisani-Ferry will represent the estate at the MILL\u00c9SIME BIO trade fair in Montpellier from January 29 to 31, stand B3-1346, and at WINE PARIS from Februar\u2026 <a href=\"https:\/\/chateaudetarge.fr\/en\/actualite\/trade-fairs-2024\/\">[lire la suite]<\/a><\/div><\/div><div class=\"dp_oc_item blocactu section-6884\"\"><div class=\"no-bg unt\"><\/div><div class=\"no-bg-txt\"><a href=\"https:\/\/chateaudetarge.fr\/en\/actualite\/happy-new-year-2024\/\"><span class=\"actitre\">Happy New Year 2024!<\/span><\/a>Good health, and many glasses of cabernet<\/div><\/div><\/div><script src=\"\/wp-content\/themes\/Tdp-pousse\/owl-carousel\/owl.carousel.min.js\"><\/script>\n\n<p>[\/et_pb_text][\/et_pb_column_inner][\/et_pb_row_inner][et_pb_row_inner column_structure=&#8221;1_3,1_3,1_3&#8243; disabled_on=&#8221;on|on|off&#8221; module_class=&#8221;absol-img&#8221; _builder_version=&#8221;4.16&#8243; global_colors_info=&#8221;{}&#8221;][et_pb_column_inner type=&#8221;1_3&#8243; saved_specialty_column_type=&#8221;2_3&#8243; module_class=&#8221;mingauche&#8221; _builder_version=&#8221;4.16&#8243; global_colors_info=&#8221;{}&#8221;][et_pb_cdbm_image src=&#8221;https:\/\/chateaudetarge.fr\/wp-content\/uploads\/chateau-targe-48.jpg&#8221; title_text=&#8221;chateau-targe-48&#8243; animation=&#8221;off&#8221; _builder_version=&#8221;4.17.4&#8243; animation_style=&#8221;fade&#8221; animation_duration=&#8221;450ms&#8221; global_colors_info=&#8221;{}&#8221;][\/et_pb_cdbm_image][\/et_pb_column_inner][et_pb_column_inner type=&#8221;1_3&#8243; saved_specialty_column_type=&#8221;2_3&#8243; module_class=&#8221;max-mid&#8221; _builder_version=&#8221;4.16&#8243; global_colors_info=&#8221;{}&#8221;][et_pb_cdbm_image src=&#8221;https:\/\/chateaudetarge.fr\/wp-content\/uploads\/vins-anjou-champigny20200620_targe-215.jpg&#8221; title_text=&#8221;vins-anjou-champigny20200620_targe-215&#8243; animation=&#8221;off&#8221; _builder_version=&#8221;4.17.4&#8243; animation_style=&#8221;fade&#8221; animation_duration=&#8221;850ms&#8221; global_colors_info=&#8221;{}&#8221;][\/et_pb_cdbm_image][\/et_pb_column_inner][et_pb_column_inner type=&#8221;1_3&#8243; saved_specialty_column_type=&#8221;2_3&#8243; module_class=&#8221;decal-droite&#8221; _builder_version=&#8221;4.16&#8243; global_colors_info=&#8221;{}&#8221;][et_pb_cdbm_image src=&#8221;https:\/\/chateaudetarge.fr\/wp-content\/uploads\/vins-anjou-champigny20200620_targe-210.jpg&#8221; title_text=&#8221;vins-anjou-champigny20200620_targe-210&#8243; animation=&#8221;off&#8221; _builder_version=&#8221;4.17.4&#8243; animation_style=&#8221;fade&#8221; animation_duration=&#8221;1250ms&#8221; global_colors_info=&#8221;{}&#8221;][\/et_pb_cdbm_image][\/et_pb_column_inner][\/et_pb_row_inner][\/et_pb_column][\/et_pb_section][et_pb_section fb_built=&#8221;1&#8243; module_class=&#8221;fond-img&#8221; _builder_version=&#8221;4.16&#8243; background_image=&#8221;https:\/\/chateaudetarge.fr\/wp-content\/uploads\/chateau-targe-53.jpg&#8221; parallax=&#8221;on&#8221; parallax_method=&#8221;off&#8221; global_colors_info=&#8221;{}&#8221;][et_pb_row column_structure=&#8221;1_2,1_2&#8243; _builder_version=&#8221;4.16&#8243; global_colors_info=&#8221;{}&#8221;][et_pb_column type=&#8221;1_2&#8243; _builder_version=&#8221;4.16&#8243; global_colors_info=&#8221;{}&#8221;][et_pb_cdbm_image src=&#8221;https:\/\/chateaudetarge.fr\/wp-content\/uploads\/lots-vin-anjou-chateau-targe-saumur-champigny.png&#8221; title_text=&#8221;lots-vin-anjou-chateau-targe-saumur-champigny&#8221; _builder_version=&#8221;4.17.4&#8243; global_colors_info=&#8221;{}&#8221;][\/et_pb_cdbm_image][\/et_pb_column][et_pb_column type=&#8221;1_2&#8243; _builder_version=&#8221;4.16&#8243; global_colors_info=&#8221;{}&#8221;][et_pb_text admin_label=&#8221;Nos cuv\u00e9es&#8221; _builder_version=&#8221;4.17.4&#8243; global_colors_info=&#8221;{}&#8221;]<\/p>\n<h2>OUR WINES<\/h2>\n<p><span style=\"font-weight: 400;\">In addition to our well-established Saumur-Champigny wines, my father made the most of the good years and created cuv\u00e9es of white and ros\u00e9 sparkling wines, and a sweet wine\u2014now award-winning every year.<\/span><br \/><span style=\"font-weight: 400;\">Nowadays, we refine our wines by identifying the best plots of land: Le Gory, Clos du Moulin, as well as Les Roches and Clos Saint Pere in the years to come.<\/span><\/p>\n<p>[\/et_pb_text][dsm_button button_one_text=&#8221;our wines &#8221; button_one_url=&#8221;\/cuvees\/&#8221; button_two_text=&#8221;buy&#8221; button_two_url=&#8221;\/acheter\/&#8221; _builder_version=&#8221;4.17.4&#8243; global_colors_info=&#8221;{}&#8221;][\/dsm_button][\/et_pb_column][\/et_pb_row][\/et_pb_section][et_pb_section fb_built=&#8221;1&#8243; module_class=&#8221;motifs paysage-bot&#8221; _builder_version=&#8221;4.16&#8243; global_colors_info=&#8221;{}&#8221;][et_pb_row _builder_version=&#8221;4.16&#8243; global_colors_info=&#8221;{}&#8221;][et_pb_column type=&#8221;4_4&#8243; _builder_version=&#8221;4.16&#8243; global_colors_info=&#8221;{}&#8221;][et_pb_text module_class=&#8221;titrebig&#8221; _builder_version=&#8221;4.17.4&#8243; global_colors_info=&#8221;{}&#8221;]<\/p>\n<h2>Come for a wine tasting at the Ch\u00e2teau de Targ\u00e9, a vineyard steeped in history<\/h2>\n<h3>Welcome<\/h3>\n<p>[\/et_pb_text][\/et_pb_column][\/et_pb_row][et_pb_row column_structure=&#8221;3_5,2_5&#8243; _builder_version=&#8221;4.16&#8243; global_colors_info=&#8221;{}&#8221;][et_pb_column type=&#8221;3_5&#8243; _builder_version=&#8221;4.16&#8243; global_colors_info=&#8221;{}&#8221;][et_pb_text _builder_version=&#8221;4.16&#8243; global_colors_info=&#8221;{}&#8221;]<\/p>\n<h2>Le domaine<\/h2>\n<p>Au c\u0153ur du Val de Loire class\u00e9 au Patrimoine mondial de l&#8217;Humanit\u00e9, le Ch\u00e2teau de Targ\u00e9 vous accueille pour une d\u00e9gustation de nos cuv\u00e9es, dont les iconiques Saumur Blanc et Saumur-Champigny.<br \/>Pour profiter plus longtemps du domaine, notre g\u00eete dot\u00e9 d&#8217;une vue imprenable sur la Loire est ouvert tout au long de l&#8217;ann\u00e9e.<\/p>\n<p>[\/et_pb_text][dsm_button button_one_text=&#8221;Get in touch&#8221; button_one_url=&#8221;\/contact\/&#8221; button_two_text=&#8221;Extend your stay in the Loire Valley&#8221; button_two_url=&#8221;\/gite\/&#8221; _builder_version=&#8221;4.17.4&#8243; global_colors_info=&#8221;{}&#8221;][\/dsm_button][\/et_pb_column][et_pb_column type=&#8221;2_5&#8243; _builder_version=&#8221;4.16&#8243; global_colors_info=&#8221;{}&#8221;][et_pb_cdbm_image src=&#8221;https:\/\/chateaudetarge.fr\/wp-content\/uploads\/carte-fr.png&#8221; title_text=&#8221;carte-fr&#8221; animation=&#8221;off&#8221; disabled_on=&#8221;on|on|off&#8221; admin_label=&#8221;carte&#8221; _builder_version=&#8221;4.17.4&#8243; global_colors_info=&#8221;{}&#8221;][\/et_pb_cdbm_image][\/et_pb_column][\/et_pb_row][\/et_pb_section]<\/p>\n","protected":false},"excerpt":{"rendered":"<p>[et_pb_section fb_built=&#8221;1&#8243; admin_label=&#8221;section&#8221; module_class=&#8221;big-head&#8221; _builder_version=&#8221;4.16&#8243; background_image=&#8221;https:\/\/chateaudetarge.fr\/wp-content\/uploads\/grandes-targe-20200620_targe-103-scaled.jpg&#8221; global_colors_info=&#8221;{}&#8221;][et_pb_row admin_label=&#8221;row&#8221; _builder_version=&#8221;4.16&#8243; background_size=&#8221;initial&#8221; background_position=&#8221;top_left&#8221; background_repeat=&#8221;repeat&#8221; global_colors_info=&#8221;{}&#8221;][et_pb_column type=&#8221;4_4&#8243; _builder_version=&#8221;4.16&#8243; custom_padding=&#8221;|||&#8221; global_colors_info=&#8221;{}&#8221; custom_padding__hover=&#8221;|||&#8221;][et_pb_text admin_label=&#8221;Ch\u00e2teau de Targ\u00e9, un savoir-faire ancestral&#8221; module_class=&#8221;titre-accueil&#8221; _builder_version=&#8221;4.17.4&#8243; animation_style=&#8221;fade&#8221; global_colors_info=&#8221;{}&#8221;] Ch\u00e2teau de Targ\u00e9, an ancestral know-how [\/et_pb_text][et_pb_number_counter title=&#8221;From&#8221; number=&#8221;1655&#8243; percent_sign=&#8221;off&#8221; _builder_version=&#8221;4.27.0&#8243; title_level=&#8221;h2&#8243; animation_style=&#8221;fade&#8221; animation_duration=&#8221;600ms&#8221; hover_enabled=&#8221;0&#8243; global_colors_info=&#8221;{}&#8221; sticky_enabled=&#8221;0&#8243;][\/et_pb_number_counter][\/et_pb_column][\/et_pb_row][\/et_pb_section][et_pb_section fb_built=&#8221;1&#8243; make_equal=&#8221;on&#8221; specialty=&#8221;on&#8221; module_class_1=&#8221;topdebord&#8221; module_class_2=&#8221;sect-right&#8221; module_class=&#8221;grisou&#8221; _builder_version=&#8221;4.16&#8243; global_colors_info=&#8221;{}&#8221;][et_pb_column type=&#8221;1_3&#8243; _builder_version=&#8221;4.16&#8243; [&hellip;]<\/p>\n","protected":false},"author":1,"featured_media":0,"parent":0,"menu_order":0,"comment_status":"closed","ping_status":"closed","template":"","meta":{"_acf_changed":false,"_et_pb_use_builder":"on","_et_pb_old_content":"[et_pb_section fb_built=\"1\" admin_label=\"section\" module_class=\"big-head\" _builder_version=\"4.5.0\" background_image=\"https:\/\/chateaudetarge.fr\/wp-content\/uploads\/grandes-targe-20200620_targe-103-scaled.jpg\"][et_pb_row admin_label=\"row\" _builder_version=\"3.25\" background_size=\"initial\" background_position=\"top_left\" background_repeat=\"repeat\"][et_pb_column type=\"4_4\" _builder_version=\"3.25\" custom_padding=\"|||\" custom_padding__hover=\"|||\"][et_pb_text admin_label=\"Ch\u00e2teau de Targ\u00e9, un savoir-faire ancestral\" module_class=\"titre-accueil\" _builder_version=\"4.6.0\" animation_style=\"fade\"]<h1>Ch\u00e2teau de Targ\u00e9, un savoir-faire ancestral<\/h1>[\/et_pb_text][et_pb_number_counter title=\"Depuis\" number=\"1655\" percent_sign=\"off\" _builder_version=\"4.6.0\" title_level=\"h2\" animation_style=\"fade\" animation_duration=\"600ms\"][\/et_pb_number_counter][\/et_pb_column][\/et_pb_row][\/et_pb_section][et_pb_section fb_built=\"1\" make_equal=\"on\" specialty=\"on\" module_class_1=\"topdebord\" module_class_2=\"sect-right\" module_class=\"grisou\" _builder_version=\"4.4.9\"][et_pb_column type=\"1_3\" _builder_version=\"3.25\" custom_padding=\"|||\" custom_padding__hover=\"|||\"][et_pb_cdbm_image src=\"https:\/\/chateaudetarge.fr\/wp-content\/uploads\/chateau-targe-50.jpg\" title_text=\"chateau-targe-50\" animation=\"off\" disabled_on=\"on|on|off\" module_class=\"img-cube ab-txt\" _builder_version=\"4.7.4\"][\/et_pb_cdbm_image][et_pb_text disabled_on=\"on|on|off\" admin_label=\"Notre terroir\" module_class=\"terroir\" _builder_version=\"4.7.4\"]<h2>NOTRE TERROIR<\/h2>\r\n<p>Au bord du coteau de Parnay avec vue sur la Loire, nos terres reposent sur la roche m\u00e8re de Tuffeau, la pierre embl\u00e9matique de notre r\u00e9gion.<\/p>\r\n<p><a href=\"\/terroir-vin-saumur-champigny\/\">En savoir plus<\/a><\/p>[\/et_pb_text][\/et_pb_column][et_pb_column type=\"2_3\" specialty_columns=\"2\" _builder_version=\"3.25\" custom_padding=\"|||\" custom_padding__hover=\"|||\"][et_pb_row_inner column_structure=\"1_2,1_2\" make_equal=\"on\" disabled_on=\"off|off|off\" _builder_version=\"4.7.4\"][et_pb_column_inner type=\"1_2\" saved_specialty_column_type=\"2_3\" _builder_version=\"4.4.7\"][et_pb_text admin_label=\"Texte intro\" _builder_version=\"4.7.6\"]<h2>A PARNAY, PR\u00c8S DE SAUMUR, NOS VIGNES<\/h2>\r\n<p>et le ch\u00e2teau surplombent la Loire. Nous les travaillons en agriculture biologique pour obtenir la plus pure expression de nos terroirs de tuffeau.<br \/>D\u00e9couvrez nos clos de Chenin et de Cabernet Franc \u00e0 travers nos cuv\u00e9es de Saumur et Saumur-Champigny.<\/p>\r\n<p>Paul Pisani-Ferry<br \/>Vigneron ind\u00e9pendant<\/p>[\/et_pb_text][\/et_pb_column_inner][et_pb_column_inner type=\"1_2\" saved_specialty_column_type=\"2_3\" module_class=\"bloc-blanc\" _builder_version=\"4.4.7\"][et_pb_text admin_label=\"code actu \" _builder_version=\"4.5.0\"]<p>[actualite]<\/p>[\/et_pb_text][\/et_pb_column_inner][\/et_pb_row_inner][et_pb_row_inner column_structure=\"1_3,1_3,1_3\" disabled_on=\"on|on|off\" module_class=\"absol-img\" _builder_version=\"4.4.9\"][et_pb_column_inner type=\"1_3\" saved_specialty_column_type=\"2_3\" module_class=\"mingauche\" _builder_version=\"4.4.7\"][et_pb_cdbm_image src=\"https:\/\/chateaudetarge.fr\/wp-content\/uploads\/chateau-targe-48.jpg\" title_text=\"chateau-targe-48\" animation=\"off\" _builder_version=\"4.6.0\" animation_style=\"fade\" animation_duration=\"450ms\"][\/et_pb_cdbm_image][\/et_pb_column_inner][et_pb_column_inner type=\"1_3\" saved_specialty_column_type=\"2_3\" module_class=\"max-mid\" _builder_version=\"4.4.7\"][et_pb_cdbm_image src=\"https:\/\/chateaudetarge.fr\/wp-content\/uploads\/vins-anjou-champigny20200620_targe-215.jpg\" title_text=\"vins-anjou-champigny20200620_targe-215\" animation=\"off\" _builder_version=\"4.6.0\" animation_style=\"fade\" animation_duration=\"850ms\"][\/et_pb_cdbm_image][\/et_pb_column_inner][et_pb_column_inner type=\"1_3\" saved_specialty_column_type=\"2_3\" module_class=\"decal-droite\" _builder_version=\"4.4.7\"][et_pb_cdbm_image src=\"https:\/\/chateaudetarge.fr\/wp-content\/uploads\/vins-anjou-champigny20200620_targe-210.jpg\" title_text=\"vins-anjou-champigny20200620_targe-210\" animation=\"off\" _builder_version=\"4.6.0\" animation_style=\"fade\" animation_duration=\"1250ms\"][\/et_pb_cdbm_image][\/et_pb_column_inner][\/et_pb_row_inner][\/et_pb_column][\/et_pb_section][et_pb_section fb_built=\"1\" module_class=\"fond-img\" _builder_version=\"4.4.7\" background_image=\"https:\/\/chateaudetarge.fr\/wp-content\/uploads\/chateau-targe-53.jpg\" parallax=\"on\" parallax_method=\"off\"][et_pb_row column_structure=\"1_2,1_2\" _builder_version=\"4.4.7\"][et_pb_column type=\"1_2\" _builder_version=\"4.4.7\"][et_pb_cdbm_image src=\"https:\/\/chateaudetarge.fr\/wp-content\/uploads\/lots-vin-anjou-chateau-targe-saumur-champigny.png\" title_text=\"lots-vin-anjou-chateau-targe-saumur-champigny\" _builder_version=\"4.7.4\"][\/et_pb_cdbm_image][\/et_pb_column][et_pb_column type=\"1_2\" _builder_version=\"4.4.7\"][et_pb_text admin_label=\"Nos cuv\u00e9es\" _builder_version=\"4.6.0\"]<h2>Nos cuv\u00e9es<\/h2>\r\n<p>En plus des Saumur-Champigny historiques du domaine, mon p\u00e8re avait cr\u00e9\u00e9 des cuv\u00e9es de bulles, de blanc et de ros\u00e9, ainsi qu'un moelleux pour les ann\u00e9es chanceuses, qui sont aujourd'hui annuellement m\u00e9daill\u00e9es.<br \/>D\u00e9sormais, nous pr\u00e9cisons les cuv\u00e9es en isolant les meilleurs clos du domaine : le Gory, le Clos du Moulin, et dans les ann\u00e9es \u00e0 venir Les Roches et le Clos Saint P\u00e8re.<\/p>[\/et_pb_text][dsm_button button_one_text=\"Nos cuv\u00e9es\" button_one_url=\"\/cuvees\/\" button_two_text=\"Acheter\" button_two_url=\"\/acheter\/\" _builder_version=\"4.7.4\"][\/dsm_button][\/et_pb_column][\/et_pb_row][\/et_pb_section][et_pb_section fb_built=\"1\" module_class=\"motifs paysage-bot\" _builder_version=\"4.5.0\"][et_pb_row _builder_version=\"4.4.7\"][et_pb_column type=\"4_4\" _builder_version=\"4.4.7\"][et_pb_text module_class=\"titrebig\" _builder_version=\"4.4.7\"]<h2>Le Ch\u00e2teau de Targ\u00e9 vous accueille pour une d\u00e9gustation<br \/>dans un lieu charg\u00e9 d\u2019histoire et d\u2019histoires<\/h2>\r\n<h3>Bienvenue<\/h3>[\/et_pb_text][\/et_pb_column][\/et_pb_row][et_pb_row column_structure=\"3_5,2_5\" _builder_version=\"4.4.7\"][et_pb_column type=\"3_5\" _builder_version=\"4.4.7\"][et_pb_text _builder_version=\"4.4.7\"]<h2>Le domaine<\/h2>\r\n<p>Au c\u0153ur du Val de Loire class\u00e9 au Patrimoine mondial de l'Humanit\u00e9, le Ch\u00e2teau de Targ\u00e9 vous accueille pour une d\u00e9gustation de nos cuv\u00e9es, dont les iconiques Saumur Blanc et Saumur-Champigny.<br \/>Pour profiter plus longtemps du domaine, notre g\u00eete dot\u00e9 d'une vue imprenable sur la Loire est ouvert tout au long de l'ann\u00e9e.<\/p>[\/et_pb_text][dsm_button button_one_text=\"Contactez-nous\" button_one_url=\"\/contact\/\" button_two_text=\"Prolongez votre s\u00e9jour\" button_two_url=\"\/gite\/\" _builder_version=\"4.7.7\" hover_enabled=\"0\" sticky_enabled=\"0\"][\/dsm_button][\/et_pb_column][et_pb_column type=\"2_5\" _builder_version=\"4.4.7\"][et_pb_cdbm_image src=\"https:\/\/chateaudetarge.fr\/wp-content\/uploads\/carte-fr.png\" title_text=\"carte-fr\" animation=\"off\" disabled_on=\"on|on|off\" admin_label=\"carte\" _builder_version=\"4.5.0\"][\/et_pb_cdbm_image][\/et_pb_column][\/et_pb_row][\/et_pb_section]","_et_gb_content_width":"","footnotes":""},"class_list":["post-2656","page","type-page","status-publish","hentry"],"acf":[],"_links":{"self":[{"href":"https:\/\/chateaudetarge.fr\/en\/wp-json\/wp\/v2\/pages\/2656","targetHints":{"allow":["GET"]}}],"collection":[{"href":"https:\/\/chateaudetarge.fr\/en\/wp-json\/wp\/v2\/pages"}],"about":[{"href":"https:\/\/chateaudetarge.fr\/en\/wp-json\/wp\/v2\/types\/page"}],"author":[{"embeddable":true,"href":"https:\/\/chateaudetarge.fr\/en\/wp-json\/wp\/v2\/users\/1"}],"replies":[{"embeddable":true,"href":"https:\/\/chateaudetarge.fr\/en\/wp-json\/wp\/v2\/comments?post=2656"}],"version-history":[{"count":3,"href":"https:\/\/chateaudetarge.fr\/en\/wp-json\/wp\/v2\/pages\/2656\/revisions"}],"predecessor-version":[{"id":6925,"href":"https:\/\/chateaudetarge.fr\/en\/wp-json\/wp\/v2\/pages\/2656\/revisions\/6925"}],"wp:attachment":[{"href":"https:\/\/chateaudetarge.fr\/en\/wp-json\/wp\/v2\/media?parent=2656"}],"curies":[{"name":"wp","href":"https:\/\/api.w.org\/{rel}","templated":true}]}}