{"id":2682,"date":"2021-01-12T09:57:34","date_gmt":"2021-01-12T09:57:34","guid":{"rendered":"https:\/\/chateaudetarge.fr\/?page_id=2682"},"modified":"2024-10-01T13:50:46","modified_gmt":"2024-10-01T13:50:46","slug":"vintage","status":"publish","type":"page","link":"https:\/\/chateaudetarge.fr\/en\/vintage\/","title":{"rendered":"Vintage"},"content":{"rendered":"<p>[et_pb_section fb_built=&#8221;1&#8243; module_class=&#8221;lgrfd&#8221; _builder_version=&#8221;4.16&#8243; background_image=&#8221;https:\/\/chateaudetarge.fr\/wp-content\/uploads\/targe-136-scaled.jpg&#8221; global_colors_info=&#8221;{}&#8221;][et_pb_row _builder_version=&#8221;4.16&#8243; global_colors_info=&#8221;{}&#8221;][et_pb_column type=&#8221;4_4&#8243; _builder_version=&#8221;4.16&#8243; global_colors_info=&#8221;{}&#8221;][et_pb_text admin_label=&#8221;Titre&#8221; _builder_version=&#8221;4.27.0&#8243; hover_enabled=&#8221;0&#8243; global_colors_info=&#8221;{}&#8221; sticky_enabled=&#8221;0&#8243;]<\/p>\n<h1>All our vintages<\/h1>\n<p>[\/et_pb_text][\/et_pb_column][\/et_pb_row][\/et_pb_section][et_pb_section fb_built=&#8221;1&#8243; _builder_version=&#8221;4.16&#8243; global_colors_info=&#8221;{}&#8221;][et_pb_row _builder_version=&#8221;4.16&#8243; global_colors_info=&#8221;{}&#8221;][et_pb_column type=&#8221;4_4&#8243; _builder_version=&#8221;4.16&#8243; global_colors_info=&#8221;{}&#8221;][et_pb_text admin_label=&#8221;Texte d&#8217;intro&#8221; _builder_version=&#8221;4.27.0&#8243; _module_preset=&#8221;default&#8221; hover_enabled=&#8221;0&#8243; global_colors_info=&#8221;{}&#8221; sticky_enabled=&#8221;0&#8243;]<\/p>\n<p>New wines can be created according to the winemaker&#8217;s trials and desires. Here are all the recent vintages: click on each bottle to find out more.<\/p>\n<p>[\/et_pb_text][et_pb_text admin_label=&#8221;cuv\u00e9es code&#8221; _builder_version=&#8221;4.27.0&#8243; _module_preset=&#8221;default&#8221; hover_enabled=&#8221;0&#8243; global_colors_info=&#8221;{}&#8221; sticky_enabled=&#8221;0&#8243;]<\/p>\n<div class='cepagestrow'><div id='cepages-92' class='list-item  cepagesbloc'><div class=\"center-img\"><a href=\"https:\/\/chateaudetarge.fr\/en\/cuvees\/saumur-brut-rose-en\/\" ><img decoding=\"async\" src=\"https:\/\/chateaudetarge.fr\/wp-content\/uploads\/vins-saumur_0005_saumur-ancestral-rose-75cl-1.png\" \/><\/a><\/div><div class='descript'><h2>Saumur Brut Ros\u00e9<\/h2><span class='appellation'>AOC <\/span><span class='cepages'><\/span><a href='https:\/\/chateaudetarge.fr\/en\/cuvees\/saumur-brut-rose-en\/' class='block'>En savoir plus<\/a><\/div><\/div><div id='cepages-93' class='list-item  cepagesbloc'><div class=\"center-img\"><a href=\"https:\/\/chateaudetarge.fr\/en\/cuvees\/saumur-brut-blanc-en\/\" ><img decoding=\"async\" src=\"https:\/\/chateaudetarge.fr\/wp-content\/uploads\/vins-saumur_0003_saumur-brut-75cl.png\" \/><\/a><\/div><div class='descript'><h2>Saumur Brut Blanc<\/h2><span class='appellation'>AOC <\/span><span class='cepages'><\/span><a href='https:\/\/chateaudetarge.fr\/en\/cuvees\/saumur-brut-blanc-en\/' class='block'>En savoir plus<\/a><\/div><\/div><div id='cepages-91' class='list-item  cepagesbloc'><div class=\"center-img\"><a href=\"https:\/\/chateaudetarge.fr\/en\/cuvees\/chenin-de-targe-en\/\" ><img decoding=\"async\" src=\"https:\/\/chateaudetarge.fr\/wp-content\/uploads\/202204-chateautarge_saumurblancchenin-768x1151.png\" \/><\/a><\/div><div class='descript'><h2>Chenin de Targ\u00e9<\/h2><span class='appellation'>AOC <\/span><span class='cepages'><\/span><a href='https:\/\/chateaudetarge.fr\/en\/cuvees\/chenin-de-targe-en\/' class='block'>En savoir plus<\/a><\/div><\/div><div id='cepages-89' class='list-item  cepagesbloc'><div class=\"center-img\"><a href=\"https:\/\/chateaudetarge.fr\/en\/cuvees\/les-fresnettes-en\/\" ><img decoding=\"async\" src=\"https:\/\/chateaudetarge.fr\/wp-content\/uploads\/vins-saumur_0021_les-fresnettes-2018-75cl-1.png\" \/><\/a><\/div><div class='descript'><h2>Les Fresnettes<\/h2><span class='appellation'>AOC <\/span><span class='cepages'><\/span><a href='https:\/\/chateaudetarge.fr\/en\/cuvees\/les-fresnettes-en\/' class='block'>En savoir plus<\/a><\/div><\/div><div id='cepages-88' class='list-item  cepagesbloc'><div class=\"center-img\"><a href=\"https:\/\/chateaudetarge.fr\/en\/cuvees\/la-rose-de-targe-en\/\" ><img decoding=\"async\" src=\"https:\/\/chateaudetarge.fr\/wp-content\/uploads\/202204-chateautarge_saumurrosecabernetfranc-768x1152.png\" \/><\/a><\/div><div class='descript'><h2>La Rose de Targ\u00e9<\/h2><span class='appellation'>AOC <\/span><span class='cepages'><\/span><a href='https:\/\/chateaudetarge.fr\/en\/cuvees\/la-rose-de-targe-en\/' class='block'>En savoir plus<\/a><\/div><\/div><div id='cepages-103' class='list-item  cepagesbloc'><div class=\"center-img\"><a href=\"https:\/\/chateaudetarge.fr\/en\/cuvees\/clos-saint-pere\/\" ><img decoding=\"async\" src=\"https:\/\/chateaudetarge.fr\/wp-content\/uploads\/202204-chateautarge_saumurchampignycabernetfranc-768x1152.png\" \/><\/a><\/div><div class='descript'><h2>Clos Saint P\u00e8re<\/h2><span class='appellation'>AOC <\/span><span class='cepages'><\/span><a href='https:\/\/chateaudetarge.fr\/en\/cuvees\/clos-saint-pere\/' class='block'>En savoir plus<\/a><\/div><\/div><div id='cepages-87' class='list-item  cepagesbloc'><div class=\"center-img\"><a href=\"https:\/\/chateaudetarge.fr\/en\/cuvees\/targe-traditionnel-en\/\" ><img decoding=\"async\" src=\"https:\/\/chateaudetarge.fr\/wp-content\/uploads\/Saumur-Champigny-Targe\u0301-Tradition-75cl.png\" \/><\/a><\/div><div class='descript'><h2>Targ\u00e9 Tradition<\/h2><span class='appellation'>AOC <\/span><span class='cepages'><\/span><a href='https:\/\/chateaudetarge.fr\/en\/cuvees\/targe-traditionnel-en\/' class='block'>En savoir plus<\/a><\/div><\/div><div id='cepages-90' class='list-item  cepagesbloc'><div class=\"center-img\"><a href=\"https:\/\/chateaudetarge.fr\/en\/cuvees\/cuvee-ferry-en\/\" ><img decoding=\"async\" src=\"https:\/\/chateaudetarge.fr\/wp-content\/uploads\/vins-saumur_0015_cuvee-ferry-2016-75cl-1.png\" \/><\/a><\/div><div class='descript'><h2>Cuv\u00e9e Ferry<\/h2><span class='appellation'>AOC <\/span><span class='cepages'><\/span><a href='https:\/\/chateaudetarge.fr\/en\/cuvees\/cuvee-ferry-en\/' class='block'>En savoir plus<\/a><\/div><\/div><div id='cepages-86' class='list-item  cepagesbloc'><div class=\"center-img\"><a href=\"https:\/\/chateaudetarge.fr\/en\/cuvees\/quintessence-targe-en\/\" ><img decoding=\"async\" src=\"https:\/\/chateaudetarge.fr\/wp-content\/uploads\/Saumur-Champigny-Quintessence-de-Targe\u0301-75cl.png\" \/><\/a><\/div><div class='descript'><h2>Quintessence de Targ\u00e9<\/h2><span class='appellation'>AOC <\/span><span class='cepages'><\/span><a href='https:\/\/chateaudetarge.fr\/en\/cuvees\/quintessence-targe-en\/' class='block'>En savoir plus<\/a><\/div><\/div><div id='cepages-98' class='list-item  cepagesbloc'><div class=\"center-img\"><a href=\"https:\/\/chateaudetarge.fr\/en\/cuvees\/clos-du-moulin-en\/\" ><img decoding=\"async\" src=\"https:\/\/chateaudetarge.fr\/wp-content\/uploads\/vins-saumur_0001_Clos-du-moulin-2017-.png\" \/><\/a><\/div><div class='descript'><h2>Clos du Moulin<\/h2><span class='appellation'>AOC <\/span><span class='cepages'><\/span><a href='https:\/\/chateaudetarge.fr\/en\/cuvees\/clos-du-moulin-en\/' class='block'>En savoir plus<\/a><\/div><\/div><div id='cepages-104' class='list-item  cepagesbloc'><div class=\"center-img\"><a href=\"https:\/\/chateaudetarge.fr\/en\/cuvees\/le-gory-en\/\" ><img decoding=\"async\" src=\"https:\/\/chateaudetarge.fr\/wp-content\/uploads\/vins-saumur_0014_le-gory-2017-75cl-1.png\" \/><\/a><\/div><div class='descript'><h2>Le Gory<\/h2><span class='appellation'>AOC <\/span><span class='cepages'><\/span><a href='https:\/\/chateaudetarge.fr\/en\/cuvees\/le-gory-en\/' class='block'>En savoir plus<\/a><\/div><\/div><div id='cepages-94' class='list-item  cepagesbloc'><div class=\"center-img\"><a href=\"https:\/\/chateaudetarge.fr\/en\/cuvees\/single-barrel-en\/\" ><img decoding=\"async\" src=\"https:\/\/chateaudetarge.fr\/wp-content\/uploads\/Bt-noire-2.png\" \/><\/a><\/div><div class='descript'><h2>Single Barrel<\/h2><span class='appellation'>AOC <\/span><span class='cepages'><\/span><a href='https:\/\/chateaudetarge.fr\/en\/cuvees\/single-barrel-en\/' class='block'>En savoir plus<\/a><\/div><\/div><div id='cepages-95' class='list-item  cepagesbloc'><div class=\"center-img\"><a href=\"https:\/\/chateaudetarge.fr\/en\/cuvees\/chinon-de-targe-en\/\" ><img decoding=\"async\" src=\"https:\/\/chateaudetarge.fr\/wp-content\/uploads\/vins-saumur_0000_Chinon-de-targe-2018-v.png\" \/><\/a><\/div><div class='descript'><h2>Chinon de Targ\u00e9<\/h2><span class='appellation'>AOC <\/span><span class='cepages'><\/span><a href='https:\/\/chateaudetarge.fr\/en\/cuvees\/chinon-de-targe-en\/' class='block'>En savoir plus<\/a><\/div><\/div><div id='cepages-99' class='list-item  cepagesbloc'><div class=\"center-img\"><a href=\"https:\/\/chateaudetarge.fr\/en\/cuvees\/single-barrel-chinon-en\/\" ><img decoding=\"async\" src=\"\" \/><\/a><\/div><div class='descript'><h2>Single Barrel Chinon<\/h2><span class='appellation'>AOC <\/span><span class='cepages'><\/span><a href='https:\/\/chateaudetarge.fr\/en\/cuvees\/single-barrel-chinon-en\/' class='block'>En savoir plus<\/a><\/div><\/div><div id='cepages-96' class='list-item  cepagesbloc'><div class=\"center-img\"><a href=\"https:\/\/chateaudetarge.fr\/en\/cuvees\/coteaux-de-targe-en\/\" ><img decoding=\"async\" src=\"https:\/\/chateaudetarge.fr\/wp-content\/uploads\/Vins-00000-Coteaux-de-Targe\u0301-Horty.png\" \/><\/a><\/div><div class='descript'><h2>Coteaux de Targ\u00e9<\/h2><span class='appellation'>AOC <\/span><span class='cepages'><\/span><a href='https:\/\/chateaudetarge.fr\/en\/cuvees\/coteaux-de-targe-en\/' class='block'>En savoir plus<\/a><\/div><\/div><\/div>\n<p>[\/et_pb_text][\/et_pb_column][\/et_pb_row][\/et_pb_section]<\/p>\n","protected":false},"excerpt":{"rendered":"<p>All our vintagesNew wines can be created according to the winemaker&#8217;s trials and desires. Here are all the recent vintages: click on each bottle to find out more. <div class='cepagestrow'><div id='cepages-92' class='list-item  cepagesbloc'><div class=\"center-img\"><a href=\"https:\/\/chateaudetarge.fr\/en\/cuvees\/saumur-brut-rose-en\/\" ><img decoding=\"async\" src=\"https:\/\/chateaudetarge.fr\/wp-content\/uploads\/vins-saumur_0005_saumur-ancestral-rose-75cl-1.png\" \/><\/a><\/div><div class='descript'><h2>Saumur Brut Ros\u00e9<\/h2><span class='appellation'>AOC <\/span><span class='cepages'><\/span><a href='https:\/\/chateaudetarge.fr\/en\/cuvees\/saumur-brut-rose-en\/' class='block'>En savoir plus<\/a><\/div><\/div><div id='cepages-93' class='list-item  cepagesbloc'><div class=\"center-img\"><a href=\"https:\/\/chateaudetarge.fr\/en\/cuvees\/saumur-brut-blanc-en\/\" ><img decoding=\"async\" src=\"https:\/\/chateaudetarge.fr\/wp-content\/uploads\/vins-saumur_0003_saumur-brut-75cl.png\" \/><\/a><\/div><div class='descript'><h2>Saumur Brut Blanc<\/h2><span class='appellation'>AOC <\/span><span class='cepages'><\/span><a href='https:\/\/chateaudetarge.fr\/en\/cuvees\/saumur-brut-blanc-en\/' class='block'>En savoir plus<\/a><\/div><\/div><div id='cepages-91' class='list-item  cepagesbloc'><div class=\"center-img\"><a href=\"https:\/\/chateaudetarge.fr\/en\/cuvees\/chenin-de-targe-en\/\" ><img decoding=\"async\" src=\"https:\/\/chateaudetarge.fr\/wp-content\/uploads\/202204-chateautarge_saumurblancchenin-768x1151.png\" \/><\/a><\/div><div class='descript'><h2>Chenin de Targ\u00e9<\/h2><span class='appellation'>AOC <\/span><span class='cepages'><\/span><a href='https:\/\/chateaudetarge.fr\/en\/cuvees\/chenin-de-targe-en\/' class='block'>En savoir plus<\/a><\/div><\/div><div id='cepages-89' class='list-item  cepagesbloc'><div class=\"center-img\"><a href=\"https:\/\/chateaudetarge.fr\/en\/cuvees\/les-fresnettes-en\/\" ><img decoding=\"async\" src=\"https:\/\/chateaudetarge.fr\/wp-content\/uploads\/vins-saumur_0021_les-fresnettes-2018-75cl-1.png\" \/><\/a><\/div><div class='descript'><h2>Les Fresnettes<\/h2><span class='appellation'>AOC <\/span><span class='cepages'><\/span><a href='https:\/\/chateaudetarge.fr\/en\/cuvees\/les-fresnettes-en\/' class='block'>En savoir plus<\/a><\/div><\/div><div id='cepages-88' class='list-item  cepagesbloc'><div class=\"center-img\"><a href=\"https:\/\/chateaudetarge.fr\/en\/cuvees\/la-rose-de-targe-en\/\" ><img decoding=\"async\" src=\"https:\/\/chateaudetarge.fr\/wp-content\/uploads\/202204-chateautarge_saumurrosecabernetfranc-768x1152.png\" \/><\/a><\/div><div class='descript'><h2>La Rose de Targ\u00e9<\/h2><span class='appellation'>AOC <\/span><span class='cepages'><\/span><a href='https:\/\/chateaudetarge.fr\/en\/cuvees\/la-rose-de-targe-en\/' class='block'>En savoir plus<\/a><\/div><\/div><div id='cepages-103' class='list-item  cepagesbloc'><div class=\"center-img\"><a href=\"https:\/\/chateaudetarge.fr\/en\/cuvees\/clos-saint-pere\/\" ><img decoding=\"async\" src=\"https:\/\/chateaudetarge.fr\/wp-content\/uploads\/202204-chateautarge_saumurchampignycabernetfranc-768x1152.png\" \/><\/a><\/div><div class='descript'><h2>Clos Saint P\u00e8re<\/h2><span class='appellation'>AOC <\/span><span class='cepages'><\/span><a href='https:\/\/chateaudetarge.fr\/en\/cuvees\/clos-saint-pere\/' class='block'>En savoir plus<\/a><\/div><\/div><div id='cepages-87' class='list-item  cepagesbloc'><div class=\"center-img\"><a href=\"https:\/\/chateaudetarge.fr\/en\/cuvees\/targe-traditionnel-en\/\" ><img decoding=\"async\" src=\"https:\/\/chateaudetarge.fr\/wp-content\/uploads\/Saumur-Champigny-Targe\u0301-Tradition-75cl.png\" \/><\/a><\/div><div class='descript'><h2>Targ\u00e9 Tradition<\/h2><span class='appellation'>AOC <\/span><span class='cepages'><\/span><a href='https:\/\/chateaudetarge.fr\/en\/cuvees\/targe-traditionnel-en\/' class='block'>En savoir plus<\/a><\/div><\/div><div id='cepages-90' class='list-item  cepagesbloc'><div class=\"center-img\"><a href=\"https:\/\/chateaudetarge.fr\/en\/cuvees\/cuvee-ferry-en\/\" ><img decoding=\"async\" src=\"https:\/\/chateaudetarge.fr\/wp-content\/uploads\/vins-saumur_0015_cuvee-ferry-2016-75cl-1.png\" \/><\/a><\/div><div class='descript'><h2>Cuv\u00e9e Ferry<\/h2><span class='appellation'>AOC <\/span><span class='cepages'><\/span><a href='https:\/\/chateaudetarge.fr\/en\/cuvees\/cuvee-ferry-en\/' class='block'>En savoir plus<\/a><\/div><\/div><div id='cepages-86' class='list-item  cepagesbloc'><div class=\"center-img\"><a href=\"https:\/\/chateaudetarge.fr\/en\/cuvees\/quintessence-targe-en\/\" ><img decoding=\"async\" src=\"https:\/\/chateaudetarge.fr\/wp-content\/uploads\/Saumur-Champigny-Quintessence-de-Targe\u0301-75cl.png\" \/><\/a><\/div><div class='descript'><h2>Quintessence de Targ\u00e9<\/h2><span class='appellation'>AOC <\/span><span class='cepages'><\/span><a href='https:\/\/chateaudetarge.fr\/en\/cuvees\/quintessence-targe-en\/' class='block'>En savoir plus<\/a><\/div><\/div><div id='cepages-98' class='list-item  cepagesbloc'><div class=\"center-img\"><a href=\"https:\/\/chateaudetarge.fr\/en\/cuvees\/clos-du-moulin-en\/\" ><img decoding=\"async\" src=\"https:\/\/chateaudetarge.fr\/wp-content\/uploads\/vins-saumur_0001_Clos-du-moulin-2017-.png\" \/><\/a><\/div><div class='descript'><h2>Clos du Moulin<\/h2><span class='appellation'>AOC <\/span><span class='cepages'><\/span><a href='https:\/\/chateaudetarge.fr\/en\/cuvees\/clos-du-moulin-en\/' class='block'>En savoir plus<\/a><\/div><\/div><div id='cepages-104' class='list-item  cepagesbloc'><div class=\"center-img\"><a href=\"https:\/\/chateaudetarge.fr\/en\/cuvees\/le-gory-en\/\" ><img decoding=\"async\" src=\"https:\/\/chateaudetarge.fr\/wp-content\/uploads\/vins-saumur_0014_le-gory-2017-75cl-1.png\" \/><\/a><\/div><div class='descript'><h2>Le Gory<\/h2><span class='appellation'>AOC <\/span><span class='cepages'><\/span><a href='https:\/\/chateaudetarge.fr\/en\/cuvees\/le-gory-en\/' class='block'>En savoir plus<\/a><\/div><\/div><div id='cepages-94' class='list-item  cepagesbloc'><div class=\"center-img\"><a href=\"https:\/\/chateaudetarge.fr\/en\/cuvees\/single-barrel-en\/\" ><img decoding=\"async\" src=\"https:\/\/chateaudetarge.fr\/wp-content\/uploads\/Bt-noire-2.png\" \/><\/a><\/div><div class='descript'><h2>Single Barrel<\/h2><span class='appellation'>AOC <\/span><span class='cepages'><\/span><a href='https:\/\/chateaudetarge.fr\/en\/cuvees\/single-barrel-en\/' class='block'>En savoir plus<\/a><\/div><\/div><div id='cepages-95' class='list-item  cepagesbloc'><div class=\"center-img\"><a href=\"https:\/\/chateaudetarge.fr\/en\/cuvees\/chinon-de-targe-en\/\" ><img decoding=\"async\" src=\"https:\/\/chateaudetarge.fr\/wp-content\/uploads\/vins-saumur_0000_Chinon-de-targe-2018-v.png\" \/><\/a><\/div><div class='descript'><h2>Chinon de Targ\u00e9<\/h2><span class='appellation'>AOC <\/span><span class='cepages'><\/span><a href='https:\/\/chateaudetarge.fr\/en\/cuvees\/chinon-de-targe-en\/' class='block'>En savoir plus<\/a><\/div><\/div><div id='cepages-99' class='list-item  cepagesbloc'><div class=\"center-img\"><a href=\"https:\/\/chateaudetarge.fr\/en\/cuvees\/single-barrel-chinon-en\/\" ><img decoding=\"async\" src=\"\" \/><\/a><\/div><div class='descript'><h2>Single Barrel Chinon<\/h2><span class='appellation'>AOC <\/span><span class='cepages'><\/span><a href='https:\/\/chateaudetarge.fr\/en\/cuvees\/single-barrel-chinon-en\/' class='block'>En savoir plus<\/a><\/div><\/div><div id='cepages-96' class='list-item  cepagesbloc'><div class=\"center-img\"><a href=\"https:\/\/chateaudetarge.fr\/en\/cuvees\/coteaux-de-targe-en\/\" ><img decoding=\"async\" src=\"https:\/\/chateaudetarge.fr\/wp-content\/uploads\/Vins-00000-Coteaux-de-Targe\u0301-Horty.png\" \/><\/a><\/div><div class='descript'><h2>Coteaux de Targ\u00e9<\/h2><span class='appellation'>AOC <\/span><span class='cepages'><\/span><a href='https:\/\/chateaudetarge.fr\/en\/cuvees\/coteaux-de-targe-en\/' class='block'>En savoir plus<\/a><\/div><\/div><\/div><\/p>\n","protected":false},"author":1,"featured_media":0,"parent":0,"menu_order":0,"comment_status":"closed","ping_status":"closed","template":"","meta":{"_acf_changed":false,"_et_pb_use_builder":"on","_et_pb_old_content":"[et_pb_section fb_built=\"1\" module_class=\"lgrfd\" _builder_version=\"4.6.6\" background_image=\"https:\/\/chateaudetarge.fr\/wp-content\/uploads\/targe-136-scaled.jpg\"][et_pb_row _builder_version=\"4.4.7\"][et_pb_column type=\"4_4\" _builder_version=\"4.4.7\"][et_pb_text admin_label=\"Titre\" _builder_version=\"4.6.6\" hover_enabled=\"0\" sticky_enabled=\"0\"]<h1>Toutes nos cuv\u00e9es<\/h1>[\/et_pb_text][\/et_pb_column][\/et_pb_row][\/et_pb_section][et_pb_section fb_built=\"1\" _builder_version=\"4.4.9\"][et_pb_row _builder_version=\"4.4.9\"][et_pb_column type=\"4_4\" _builder_version=\"4.4.9\"][et_pb_text admin_label=\"Texte d'intro\" _builder_version=\"4.7.6\" _module_preset=\"default\" hover_enabled=\"0\" sticky_enabled=\"0\"]<p>De nouveaux vins peuvent voir le jour au gr\u00e9 des essais et des envies du vigneron. Voici toutes les cuv\u00e9es r\u00e9centes : cliquez sur chaque bouteille pour en savoir plus.<\/p>\r\n[\/et_pb_text][et_pb_text admin_label=\"cuv\u00e9es code\" _builder_version=\"4.6.6\" _module_preset=\"default\"]<p>[cuvees]<\/p>[\/et_pb_text][\/et_pb_column][\/et_pb_row][\/et_pb_section]","_et_gb_content_width":"","footnotes":""},"class_list":["post-2682","page","type-page","status-publish","hentry"],"acf":[],"_links":{"self":[{"href":"https:\/\/chateaudetarge.fr\/en\/wp-json\/wp\/v2\/pages\/2682","targetHints":{"allow":["GET"]}}],"collection":[{"href":"https:\/\/chateaudetarge.fr\/en\/wp-json\/wp\/v2\/pages"}],"about":[{"href":"https:\/\/chateaudetarge.fr\/en\/wp-json\/wp\/v2\/types\/page"}],"author":[{"embeddable":true,"href":"https:\/\/chateaudetarge.fr\/en\/wp-json\/wp\/v2\/users\/1"}],"replies":[{"embeddable":true,"href":"https:\/\/chateaudetarge.fr\/en\/wp-json\/wp\/v2\/comments?post=2682"}],"version-history":[{"count":2,"href":"https:\/\/chateaudetarge.fr\/en\/wp-json\/wp\/v2\/pages\/2682\/revisions"}],"predecessor-version":[{"id":6958,"href":"https:\/\/chateaudetarge.fr\/en\/wp-json\/wp\/v2\/pages\/2682\/revisions\/6958"}],"wp:attachment":[{"href":"https:\/\/chateaudetarge.fr\/en\/wp-json\/wp\/v2\/media?parent=2682"}],"curies":[{"name":"wp","href":"https:\/\/api.w.org\/{rel}","templated":true}]}}