{"id":2688,"date":"2021-01-12T10:05:54","date_gmt":"2021-01-12T10:05:54","guid":{"rendered":"https:\/\/chateaudetarge.fr\/?page_id=2688"},"modified":"2024-10-01T14:39:14","modified_gmt":"2024-10-01T14:39:14","slug":"pro-work-place","status":"publish","type":"page","link":"https:\/\/chateaudetarge.fr\/en\/pro-work-place\/","title":{"rendered":"Pro work place"},"content":{"rendered":"<p>[et_pb_section fb_built=&#8221;1&#8243; admin_label=&#8221;Contact&#8221; module_class=&#8221;img-sombre&#8221; _builder_version=&#8221;4.16&#8243; background_color=&#8221;rgba(0,0,0,0.03)&#8221; background_image=&#8221;https:\/\/chateaudetarge.fr\/wp-content\/uploads\/targe-124-scaled.jpg&#8221; parallax=&#8221;on&#8221; parallax_method=&#8221;off&#8221; custom_padding=&#8221;100px|0px|100px|0px&#8221; collapsed=&#8221;off&#8221; global_colors_info=&#8221;{}&#8221;][et_pb_row _builder_version=&#8221;4.16&#8243; _module_preset=&#8221;default&#8221; global_colors_info=&#8221;{}&#8221;][et_pb_column type=&#8221;4_4&#8243; _builder_version=&#8221;4.16&#8243; _module_preset=&#8221;default&#8221; global_colors_info=&#8221;{}&#8221;][et_pb_text module_class=&#8221;titre-center&#8221; _builder_version=&#8221;4.17.4&#8243; global_colors_info=&#8221;{}&#8221;]<\/p>\n<h1>Professional space<\/h1>\n<p>[\/et_pb_text][et_pb_tabs _builder_version=&#8221;4.27.0&#8243; _module_preset=&#8221;default&#8221; hover_enabled=&#8221;0&#8243; global_colors_info=&#8221;{}&#8221; sticky_enabled=&#8221;0&#8243;][et_pb_tab title=&#8221;Place a pro order&#8221; _builder_version=&#8221;4.27.0&#8243; _module_preset=&#8221;default&#8221; hover_enabled=&#8221;0&#8243; global_colors_info=&#8221;{}&#8221; sticky_enabled=&#8221;0&#8243;]<\/p>\n\n<div class=\"wpcf7 no-js\" id=\"wpcf7-f7034-o1\" lang=\"fr-FR\" dir=\"ltr\" data-wpcf7-id=\"7034\">\n<div class=\"screen-reader-response\"><p role=\"status\" aria-live=\"polite\" aria-atomic=\"true\"><\/p> <ul><\/ul><\/div>\n<form action=\"\/en\/wp-json\/wp\/v2\/pages\/2688#wpcf7-f7034-o1\" method=\"post\" class=\"wpcf7-form init\" aria-label=\"Formulaire de contact\" novalidate=\"novalidate\" data-status=\"init\">\n<fieldset class=\"hidden-fields-container\"><input type=\"hidden\" name=\"_wpcf7\" value=\"7034\" \/><input type=\"hidden\" name=\"_wpcf7_version\" value=\"6.1.4\" \/><input type=\"hidden\" name=\"_wpcf7_locale\" value=\"fr_FR\" \/><input type=\"hidden\" name=\"_wpcf7_unit_tag\" value=\"wpcf7-f7034-o1\" \/><input type=\"hidden\" name=\"_wpcf7_container_post\" value=\"0\" \/><input type=\"hidden\" name=\"_wpcf7_posted_data_hash\" value=\"\" \/><input type=\"hidden\" name=\"_wpcf7_recaptcha_response\" value=\"\" \/>\n<\/fieldset>\n<div class='input'>\n\t<p><span class=\"wpcf7-form-control-wrap\" data-name=\"nometab\"><input size=\"40\" maxlength=\"400\" class=\"wpcf7-form-control wpcf7-text wpcf7-validates-as-required name\" aria-required=\"true\" aria-invalid=\"false\" placeholder=\"Name of your establishment*\" value=\"\" type=\"text\" name=\"nometab\" \/><\/span><br \/>\n<span class=\"wpcf7-form-control-wrap\" data-name=\"personne\"><input size=\"40\" maxlength=\"400\" class=\"wpcf7-form-control wpcf7-text wpcf7-validates-as-required personne\" aria-required=\"true\" aria-invalid=\"false\" placeholder=\"Person placing the order*\" value=\"\" type=\"text\" name=\"personne\" \/><\/span><br \/>\n<span class=\"wpcf7-form-control-wrap\" data-name=\"email\"><input size=\"40\" maxlength=\"400\" class=\"wpcf7-form-control wpcf7-email wpcf7-validates-as-required wpcf7-text wpcf7-validates-as-email email\" aria-required=\"true\" aria-invalid=\"false\" placeholder=\"Your email*\" value=\"\" type=\"email\" name=\"email\" \/><\/span><br \/>\n<span class=\"wpcf7-form-control-wrap\" data-name=\"tel\"><input size=\"40\" maxlength=\"400\" class=\"wpcf7-form-control wpcf7-tel wpcf7-text wpcf7-validates-as-tel\" aria-invalid=\"false\" placeholder=\"Phone\" value=\"\" type=\"tel\" name=\"tel\" \/><\/span><br \/>\n<span class=\"wpcf7-form-control-wrap\" data-name=\"message\"><textarea cols=\"40\" rows=\"10\" maxlength=\"2000\" class=\"wpcf7-form-control wpcf7-textarea wpcf7-validates-as-required message\" aria-required=\"true\" aria-invalid=\"false\" placeholder=\"Your message*\" name=\"message\"><\/textarea><\/span><br \/>\n<span class=\"wpcf7-form-control-wrap\" data-name=\"checkbox-48\"><span class=\"wpcf7-form-control wpcf7-checkbox wpcf7-validates-as-required\"><span class=\"wpcf7-list-item first last\"><input type=\"checkbox\" name=\"checkbox-48[]\" value=\"By checking this box, I accept the privacy policy of this site.\" \/><span class=\"wpcf7-list-item-label\">By checking this box, I accept the privacy policy of this site.<\/span><\/span><\/span><\/span>\n\t<\/p>\n<\/div>\n<div class='input'>\n\t<p><span id=\"wpcf7-69d8f6424795c-wrapper\" class=\"wpcf7-form-control-wrap honeypot-464-wrap\" style=\"display:none !important; visibility:hidden !important;\"><label for=\"wpcf7-69d8f6424795c-field\" class=\"hp-message\">Veuillez laisser ce champ vide.<\/label><input id=\"wpcf7-69d8f6424795c-field\"  class=\"wpcf7-form-control wpcf7-text\" type=\"text\" name=\"honeypot-464\" value=\"\" size=\"40\" tabindex=\"-1\" autocomplete=\"new-password\" \/><\/span><div class=\"h-captcha\" data-sitekey=\"5f18efcc-c548-4d14-a5d8-dd8c8c881274\" data-size=\"normal\" data-theme=\"light\" data-lang=\"fr\"><\/div><span class=\"wpcf7-form-control-wrap cf7apps-hcaptcha\" data-name=\"cf7apps-hcaptcha\"><input type=\"hidden\" name=\"cf7apps-hcaptcha\" value=\"\" class=\"wpcf7-form-control\"><\/span>\n\t<\/p>\n<\/div>\n<div class='input'>\n\t<p><button class=\"wpcf7-form-control wpcf7-submit has-spinner et_pb_button et_pb_bg_layout_light\" type=\"submit\" value=\"Send\">Send<\/button>\n\t<\/p>\n<\/div><div class=\"wpcf7-response-output\" aria-hidden=\"true\"><\/div>\n<\/form>\n<\/div>\n\n<p>[\/et_pb_tab][et_pb_tab title=&#8221;Prompt payment&#8221; _builder_version=&#8221;4.27.0&#8243; _module_preset=&#8221;default&#8221; global_colors_info=&#8221;{}&#8221;]<\/p>\n<p>To settle an invoice already issued or pay a specific amount following discussion with the domain team, please follow the instructions below and pay by credit card via our partner PayPal<\/p>\n<form id=\"paypal-form\" onsubmit=\"generatePayPalLink(event)\">\n    <label for=\"ref\" id=\"ref-label\">R\u00e9f\u00e9rence :<\/label>\n    <input type=\"text\" id=\"ref\" name=\"ref\" required>\n    \n    <label for=\"price\" id=\"price-label\">Prix (\u20ac) :<\/label>\n    <input type=\"number\" id=\"price\" name=\"price\" step=\"0.01\" required>\n    \n    <button type=\"submit\" id=\"submit-btn\">G\u00e9n\u00e9rer le lien PayPal<\/button>\n<\/form>\n\n<p id=\"paypal-link\"><\/p>\n\n<script>\n\/\/ Fonction pour d\u00e9tecter la langue de la page et adapter le texte\nfunction setLanguageText() {\n  const lang = document.documentElement.lang;\n\n  if (lang === 'en-US') {\n    document.getElementById('ref-label').textContent = 'Reference:';\n    document.getElementById('price-label').textContent = 'Price (\u20ac):';\n    document.getElementById('submit-btn').textContent = 'Generate PayPal Link';\n  } else {\n    document.getElementById('ref-label').textContent = 'R\u00e9f\u00e9rence :';\n    document.getElementById('price-label').textContent = 'Prix (\u20ac) :';\n    document.getElementById('submit-btn').textContent = 'G\u00e9n\u00e9rer le lien PayPal';\n  }\n}\n\n\/\/ Fonction pour g\u00e9n\u00e9rer le lien PayPal\nfunction generatePayPalLink(event) {\n  event.preventDefault(); \/\/ Emp\u00eache le rechargement de la page\n\n  const lang = document.documentElement.lang;\n  const ref = document.getElementById('ref').value;\n  const price = parseFloat(document.getElementById('price').value);\n\n  if (isNaN(price) || price <= 0) {\n    if (lang === 'en-US') {\n      alert(\"Please enter a valid amount greater than 0.\");\n    } else {\n      alert(\"Veuillez entrer un montant valide sup\u00e9rieur \u00e0 0.\");\n    }\n    return;\n  }\n\n  const email = 'paul@chateaudetarge.fr'; \/\/ Remplacez par votre e-mail PayPal\n  const url = `https:\/\/www.paypal.com\/cgi-bin\/webscr?cmd=_xclick&business=${email}&item_name=${encodeURIComponent(ref)}&amount=${price.toFixed(2)}&currency_code=EUR`;\n\n  \/\/ Affichage du lien PayPal\n  const linkElement = document.getElementById('paypal-link');\n  if (lang === 'en-US') {\n    linkElement.innerHTML = `<a href=\"${url}\" target=\"_blank\">Pay now via PayPal<\/a>`;\n  } else {\n    linkElement.innerHTML = `<a href=\"${url}\" target=\"_blank\">Payer maintenant via PayPal<\/a>`;\n  }\n}\n\n\/\/ Appeler la fonction pour ajuster le texte selon la langue\nsetLanguageText();\n<\/script>\n\n<p>[\/et_pb_tab][\/et_pb_tabs][\/et_pb_column][\/et_pb_row][\/et_pb_section]<\/p>\n","protected":false},"excerpt":{"rendered":"<p>Professional space\n<div class=\"wpcf7 no-js\" id=\"wpcf7-f7034-o2\" lang=\"fr-FR\" dir=\"ltr\" data-wpcf7-id=\"7034\">\n<div class=\"screen-reader-response\"><p role=\"status\" aria-live=\"polite\" aria-atomic=\"true\"><\/p> <ul><\/ul><\/div>\n<form action=\"\/en\/wp-json\/wp\/v2\/pages\/2688#wpcf7-f7034-o2\" method=\"post\" class=\"wpcf7-form init\" aria-label=\"Formulaire de contact\" novalidate=\"novalidate\" data-status=\"init\">\n<fieldset class=\"hidden-fields-container\"><input type=\"hidden\" name=\"_wpcf7\" value=\"7034\" \/><input type=\"hidden\" name=\"_wpcf7_version\" value=\"6.1.4\" \/><input type=\"hidden\" name=\"_wpcf7_locale\" value=\"fr_FR\" \/><input type=\"hidden\" name=\"_wpcf7_unit_tag\" value=\"wpcf7-f7034-o2\" \/><input type=\"hidden\" name=\"_wpcf7_container_post\" value=\"0\" \/><input type=\"hidden\" name=\"_wpcf7_posted_data_hash\" value=\"\" \/><input type=\"hidden\" name=\"_wpcf7_recaptcha_response\" value=\"\" \/>\n<\/fieldset>\n<div class='input'>\n\t<p><span class=\"wpcf7-form-control-wrap\" data-name=\"nometab\"><input size=\"40\" maxlength=\"400\" class=\"wpcf7-form-control wpcf7-text wpcf7-validates-as-required name\" aria-required=\"true\" aria-invalid=\"false\" placeholder=\"Name of your establishment*\" value=\"\" type=\"text\" name=\"nometab\" \/><\/span><br \/>\n<span class=\"wpcf7-form-control-wrap\" data-name=\"personne\"><input size=\"40\" maxlength=\"400\" class=\"wpcf7-form-control wpcf7-text wpcf7-validates-as-required personne\" aria-required=\"true\" aria-invalid=\"false\" placeholder=\"Person placing the order*\" value=\"\" type=\"text\" name=\"personne\" \/><\/span><br \/>\n<span class=\"wpcf7-form-control-wrap\" data-name=\"email\"><input size=\"40\" maxlength=\"400\" class=\"wpcf7-form-control wpcf7-email wpcf7-validates-as-required wpcf7-text wpcf7-validates-as-email email\" aria-required=\"true\" aria-invalid=\"false\" placeholder=\"Your email*\" value=\"\" type=\"email\" name=\"email\" \/><\/span><br \/>\n<span class=\"wpcf7-form-control-wrap\" data-name=\"tel\"><input size=\"40\" maxlength=\"400\" class=\"wpcf7-form-control wpcf7-tel wpcf7-text wpcf7-validates-as-tel\" aria-invalid=\"false\" placeholder=\"Phone\" value=\"\" type=\"tel\" name=\"tel\" \/><\/span><br \/>\n<span class=\"wpcf7-form-control-wrap\" data-name=\"message\"><textarea cols=\"40\" rows=\"10\" maxlength=\"2000\" class=\"wpcf7-form-control wpcf7-textarea wpcf7-validates-as-required message\" aria-required=\"true\" aria-invalid=\"false\" placeholder=\"Your message*\" name=\"message\"><\/textarea><\/span><br \/>\n<span class=\"wpcf7-form-control-wrap\" data-name=\"checkbox-48\"><span class=\"wpcf7-form-control wpcf7-checkbox wpcf7-validates-as-required\"><span class=\"wpcf7-list-item first last\"><input type=\"checkbox\" name=\"checkbox-48[]\" value=\"By checking this box, I accept the privacy policy of this site.\" \/><span class=\"wpcf7-list-item-label\">By checking this box, I accept the privacy policy of this site.<\/span><\/span><\/span><\/span>\n\t<\/p>\n<\/div>\n<div class='input'>\n\t<p><span id=\"wpcf7-69d8f64304d57-wrapper\" class=\"wpcf7-form-control-wrap honeypot-464-wrap\" style=\"display:none !important; visibility:hidden !important;\"><label for=\"wpcf7-69d8f64304d57-field\" class=\"hp-message\">Veuillez laisser ce champ vide.<\/label><input id=\"wpcf7-69d8f64304d57-field\"  class=\"wpcf7-form-control wpcf7-text\" type=\"text\" name=\"honeypot-464\" value=\"\" size=\"40\" tabindex=\"-1\" autocomplete=\"new-password\" \/><\/span><div class=\"h-captcha\" data-sitekey=\"5f18efcc-c548-4d14-a5d8-dd8c8c881274\" data-size=\"normal\" data-theme=\"light\" data-lang=\"fr\"><\/div><span class=\"wpcf7-form-control-wrap cf7apps-hcaptcha\" data-name=\"cf7apps-hcaptcha\"><input type=\"hidden\" name=\"cf7apps-hcaptcha\" value=\"\" class=\"wpcf7-form-control\"><\/span>\n\t<\/p>\n<\/div>\n<div class='input'>\n\t<p><button class=\"wpcf7-form-control wpcf7-submit has-spinner et_pb_button et_pb_bg_layout_light\" type=\"submit\" value=\"Send\">Send<\/button>\n\t<\/p>\n<\/div><div class=\"wpcf7-response-output\" aria-hidden=\"true\"><\/div>\n<\/form>\n<\/div>\nTo settle an invoice already issued or pay a specific amount following discussion with the domain team, please follow the instructions below and pay by credit card via our partner PayPal <form id=\"paypal-form\" onsubmit=\"generatePayPalLink(event)\">\n    <label for=\"ref\" id=\"ref-label\">R\u00e9f\u00e9rence :<\/label>\n    <input type=\"text\" id=\"ref\" name=\"ref\" required>\n    \n    <label for=\"price\" id=\"price-label\">Prix (\u20ac) :<\/label>\n    <input type=\"number\" id=\"price\" name=\"price\" step=\"0.01\" required>\n    \n    <button type=\"submit\" id=\"submit-btn\">G\u00e9n\u00e9rer le lien PayPal<\/button>\n<\/form>\n\n<p id=\"paypal-link\"><\/p>\n\n<script>\n\/\/ Fonction pour d\u00e9tecter la langue de la page et adapter le texte\nfunction setLanguageText() {\n  const lang = document.documentElement.lang;\n\n  if (lang === 'en-US') {\n    document.getElementById('ref-label').textContent = 'Reference:';\n    document.getElementById('price-label').textContent = 'Price (\u20ac):';\n    document.getElementById('submit-btn').textContent = 'Generate PayPal Link';\n  } else {\n    document.getElementById('ref-label').textContent = 'R\u00e9f\u00e9rence :';\n    document.getElementById('price-label').textContent = 'Prix (\u20ac) :';\n    document.getElementById('submit-btn').textContent = 'G\u00e9n\u00e9rer le lien PayPal';\n  }\n}\n\n\/\/ Fonction pour g\u00e9n\u00e9rer le lien PayPal\nfunction generatePayPalLink(event) {\n  event.preventDefault(); \/\/ Emp\u00eache le rechargement de la page\n\n  const lang = document.documentElement.lang;\n  const ref = document.getElementById('ref').value;\n  const price = parseFloat(document.getElementById('price').value);\n\n  if (isNaN(price) || price <= 0) {\n    if (lang === 'en-US') {\n      alert(\"Please enter a valid amount greater than 0.\");\n    } else {\n      alert(\"Veuillez entrer un montant valide sup\u00e9rieur \u00e0 0.\");\n    }\n    return;\n  }\n\n  const email = 'paul@chateaudetarge.fr'; \/\/ Remplacez par votre e-mail PayPal\n  const url = `https:\/\/www.paypal.com\/cgi-bin\/webscr?cmd=_xclick&business=${email}&item_name=${encodeURIComponent(ref)}&amount=${price.toFixed(2)}&currency_code=EUR`;\n\n  \/\/ Affichage du lien PayPal\n  const linkElement = document.getElementById('paypal-link');\n  if (lang === 'en-US') {\n    linkElement.innerHTML = `<a href=\"${url}\" target=\"_blank\">Pay now via PayPal<\/a>`;\n  } else {\n    linkElement.innerHTML = `<a href=\"${url}\" target=\"_blank\">Payer maintenant via PayPal<\/a>`;\n  }\n}\n\n\/\/ Appeler la fonction pour ajuster le texte selon la langue\nsetLanguageText();\n<\/script>\n<\/p>\n","protected":false},"author":1,"featured_media":0,"parent":0,"menu_order":0,"comment_status":"closed","ping_status":"closed","template":"","meta":{"_acf_changed":false,"_et_pb_use_builder":"on","_et_pb_old_content":"[et_pb_section fb_built=\"1\" admin_label=\"Contact\" module_class=\"img-sombre\" _builder_version=\"4.7.4\" background_color=\"rgba(0,0,0,0.03)\" background_image=\"https:\/\/chateaudetarge.fr\/wp-content\/uploads\/targe-124-scaled.jpg\" parallax=\"on\" parallax_method=\"off\" custom_padding=\"100px|0px|100px|0px\" collapsed=\"off\"][et_pb_row _builder_version=\"4.7.4\" _module_preset=\"default\"][et_pb_column type=\"4_4\" _builder_version=\"4.7.4\" _module_preset=\"default\"][et_pb_text module_class=\"titre-center\" _builder_version=\"4.7.4\"]<h1>Espace Pro<\/h1>[\/et_pb_text][et_pb_tabs _builder_version=\"4.7.7\" _module_preset=\"default\" hover_enabled=\"0\" sticky_enabled=\"0\"][et_pb_tab title=\"Passer une commande pro\" _builder_version=\"4.7.7\" _module_preset=\"default\"]<p>[contact-form-7 id=\"44\" title=\"Formulaire espace pro\"]<\/p>[\/et_pb_tab][et_pb_tab title=\"Paiement rapide\" _builder_version=\"4.7.7\" _module_preset=\"default\" hover_enabled=\"0\" sticky_enabled=\"0\"]<p>Pour r\u00e9gler une facture d\u00e9j\u00e0 \u00e9dit\u00e9e ou payer un montant sp\u00e9cifique suite \u00e0 discussion avec l'\u00e9quipe du domaine, veuillez suivre les instructions ci-dessous et payer par CB via notre partenaire PayPal<\/p>\r\n<p>[contact-form-7 id=\"1513\" title=\"Paiement rapide\"]<\/p>\r\n[\/et_pb_tab][\/et_pb_tabs][\/et_pb_column][\/et_pb_row][\/et_pb_section]","_et_gb_content_width":"","footnotes":""},"class_list":["post-2688","page","type-page","status-publish","hentry"],"acf":[],"_links":{"self":[{"href":"https:\/\/chateaudetarge.fr\/en\/wp-json\/wp\/v2\/pages\/2688","targetHints":{"allow":["GET"]}}],"collection":[{"href":"https:\/\/chateaudetarge.fr\/en\/wp-json\/wp\/v2\/pages"}],"about":[{"href":"https:\/\/chateaudetarge.fr\/en\/wp-json\/wp\/v2\/types\/page"}],"author":[{"embeddable":true,"href":"https:\/\/chateaudetarge.fr\/en\/wp-json\/wp\/v2\/users\/1"}],"replies":[{"embeddable":true,"href":"https:\/\/chateaudetarge.fr\/en\/wp-json\/wp\/v2\/comments?post=2688"}],"version-history":[{"count":4,"href":"https:\/\/chateaudetarge.fr\/en\/wp-json\/wp\/v2\/pages\/2688\/revisions"}],"predecessor-version":[{"id":7035,"href":"https:\/\/chateaudetarge.fr\/en\/wp-json\/wp\/v2\/pages\/2688\/revisions\/7035"}],"wp:attachment":[{"href":"https:\/\/chateaudetarge.fr\/en\/wp-json\/wp\/v2\/media?parent=2688"}],"curies":[{"name":"wp","href":"https:\/\/api.w.org\/{rel}","templated":true}]}}