{"id":2706,"date":"2021-01-12T10:27:14","date_gmt":"2021-01-12T10:27:14","guid":{"rendered":"https:\/\/chateaudetarge.fr\/?page_id=2706"},"modified":"2022-05-13T15:37:56","modified_gmt":"2022-05-13T15:37:56","slug":"legal-notice","status":"publish","type":"page","link":"https:\/\/chateaudetarge.fr\/en\/legal-notice\/","title":{"rendered":"Legal Notice"},"content":{"rendered":"<p>[et_pb_section fb_built=&#8221;1&#8243; module_class=&#8221;lgrfd&#8221; _builder_version=&#8221;4.16&#8243; background_image=&#8221;https:\/\/chateaudetarge.fr\/wp-content\/uploads\/20200620_targe-220-scaled.jpg&#8221; global_colors_info=&#8221;{}&#8221;][et_pb_row _builder_version=&#8221;4.16&#8243; global_colors_info=&#8221;{}&#8221;][et_pb_column type=&#8221;4_4&#8243; _builder_version=&#8221;4.16&#8243; global_colors_info=&#8221;{}&#8221;][et_pb_text _builder_version=&#8221;4.17.4&#8243; hover_enabled=&#8221;0&#8243; global_colors_info=&#8221;{}&#8221; sticky_enabled=&#8221;0&#8243;]<\/p>\n<h1><span style=\"font-weight: 400;\">Disclaimer<\/span><\/h1>\n<p>[\/et_pb_text][\/et_pb_column][\/et_pb_row][\/et_pb_section][et_pb_section fb_built=&#8221;1&#8243; admin_label=&#8221;Section&#8221; module_class=&#8221;grisou&#8221; _builder_version=&#8221;4.16&#8243; global_colors_info=&#8221;{}&#8221;][et_pb_row _builder_version=&#8221;4.16&#8243; global_colors_info=&#8221;{}&#8221;][et_pb_column type=&#8221;4_4&#8243; _builder_version=&#8221;4.16&#8243; global_colors_info=&#8221;{}&#8221;][et_pb_text admin_label=&#8221;Mentions l\u00e9gales&#8221; _builder_version=&#8221;4.17.4&#8243; hover_enabled=&#8221;0&#8243; global_colors_info=&#8221;{}&#8221; sticky_enabled=&#8221;0&#8243;]<\/p>\n<div class=\"content-fiche\">\u00a0<\/div>\n<div class=\"choice-tree-item no-print\">\n<div class=\"choice-tree-item-demarche printArea\" data-test=\"choiceTreeResult\">\n<div class=\"choice-tree-list-answer\">Ce site appartient \u00e0 la SARL Manoir de Targ\u00e9 au capital de 2500\u20ac, sise au<\/div>\n<div class=\"choice-tree-list-answer\">\u00a0\u00a0 Ch\u00e2teau de Targ\u00e9<\/div>\n<div class=\"choice-tree-list-answer\">\u00a0\u00a0 Chemin de Targ\u00e9<\/div>\n<div class=\"choice-tree-list-answer\">\u00a0\u00a0 49730 Parnay<\/div>\n<div class=\"choice-tree-list-answer\">\u00a0\u00a0 France<\/div>\n<div>N\u00b0 SIRET : 841 625 205 00015<\/div>\n<div>N\u00b0 TVA : FR62 841 625 205<\/div>\n<div class=\"choice-tree-list-answer\">Contact : <a href=\"mailto:bienvenue@chateaudetarge.fr\">bienvenue@chateaudetarge.fr<\/a> ou +33 (0) 2 41 38 11 50<\/div>\n<div class=\"choice-tree-list-answer\">G\u00e9rant : M Paul Pisani-Ferry, Propri\u00e9taire Vigneron<\/div>\n<p>H\u00e9bergement par Terre de Pixels, <span class=\"adress\">5 rue Nationale, Concourson-sur-Layon, 49700 Dou\u00e9-en-Anjou, France. Contact :\u00a0<\/span><span class=\"mail\"><a href=\"mailto:benoit@terredepixels.fr\">benoit@terredepixels.fr<\/a>, +33 (<span class=\"tel\">2) 53 85 81 87<\/span><\/span><\/p>\n<p>&nbsp;<\/p>\n<p>Pour tout renseignement sur les <strong>Conditions G\u00e9n\u00e9rales de Vente<\/strong> aux Professionnels comme aux Particuliers, veuillez consulter<strong> <a href=\"https:\/\/chateaudetarge.fr\/conditions-generales-de-vente\/\">la page d\u00e9di\u00e9e aux CGV<\/a><\/strong>.<\/p>\n<\/div>\n<\/div>\n<p>&nbsp;<\/p>\n<div class=\"choice-tree-item no-print\">\n<div class=\"choice-tree-item-demarche printArea\" data-test=\"choiceTreeResult\">\n<div class=\"choice-tree-list-answer\">\n<p>Pour tout renseignement sur <strong>l&#8217;utilisation de donn\u00e9es personnelles, <\/strong>veuillez consulter<strong><a href=\"https:\/\/chateaudetarge.fr\/rgpd\/\"> la page d\u00e9di\u00e9e RGPD<\/a>.<\/strong><\/p>\n<\/div>\n<\/div>\n<\/div>\n<p>[\/et_pb_text][\/et_pb_column][\/et_pb_row][\/et_pb_section]<\/p>\n","protected":false},"excerpt":{"rendered":"<p>Disclaimer\u00a0 Ce site appartient \u00e0 la SARL Manoir de Targ\u00e9 au capital de 2500\u20ac, sise au \u00a0\u00a0 Ch\u00e2teau de Targ\u00e9 \u00a0\u00a0 Chemin de Targ\u00e9 \u00a0\u00a0 49730 Parnay \u00a0\u00a0 France N\u00b0 SIRET : 841 625 205 00015 N\u00b0 TVA : FR62 841 625 205 Contact : bienvenue@chateaudetarge.fr ou +33 (0) 2 41 38 11 50 G\u00e9rant : M Paul Pisani-Ferry, Propri\u00e9taire Vigneron H\u00e9bergement par Terre de Pixels, 5 rue Nationale, Concourson-sur-Layon, 49700 Dou\u00e9-en-Anjou, France. Contact :\u00a0benoit@terredepixels.fr, +33 (2) 53 85 81 87 &nbsp; Pour tout renseignement sur les Conditions G\u00e9n\u00e9rales de Vente aux Professionnels comme aux Particuliers, veuillez consulter la page d\u00e9di\u00e9e aux CGV. &nbsp; Pour tout renseignement sur l&#8217;utilisation de donn\u00e9es personnelles, veuillez consulter la page d\u00e9di\u00e9e RGPD.<\/p>\n","protected":false},"author":1,"featured_media":0,"parent":0,"menu_order":0,"comment_status":"closed","ping_status":"closed","template":"","meta":{"_acf_changed":false,"_et_pb_use_builder":"on","_et_pb_old_content":"[et_pb_section fb_built=\"1\" module_class=\"lgrfd\" _builder_version=\"4.7.4\" background_image=\"https:\/\/chateaudetarge.fr\/wp-content\/uploads\/20200620_targe-220-scaled.jpg\" hover_enabled=\"0\" title_text=\"20200620_targe-220\" sticky_enabled=\"0\"][et_pb_row _builder_version=\"4.4.8\"][et_pb_column type=\"4_4\" _builder_version=\"4.4.7\"][et_pb_text _builder_version=\"4.7.4\" hover_enabled=\"0\" sticky_enabled=\"0\"]<h1>Mentions l\u00e9gales<\/h1>\r\n[\/et_pb_text][\/et_pb_column][\/et_pb_row][\/et_pb_section][et_pb_section fb_built=\"1\" admin_label=\"Section\" module_class=\"grisou\" _builder_version=\"4.4.8\"][et_pb_row _builder_version=\"4.4.7\"][et_pb_column type=\"4_4\" _builder_version=\"4.4.7\"][et_pb_text admin_label=\"Mentions l\u00e9gales\" _builder_version=\"4.7.4\" hover_enabled=\"0\" sticky_enabled=\"0\"]<div class=\"content-fiche\">\u00a0<\/div>\r\n<div class=\"choice-tree-item no-print\">\r\n<div class=\"choice-tree-item-demarche printArea\" data-test=\"choiceTreeResult\">\r\n<div class=\"choice-tree-list-answer\">Ce site appartient \u00e0 la SARL Manoir de Targ\u00e9 au capital de 2500\u20ac, sise au<\/div>\r\n<div class=\"choice-tree-list-answer\">\u00a0\u00a0 Ch\u00e2teau de Targ\u00e9<\/div>\r\n<div class=\"choice-tree-list-answer\">\u00a0\u00a0 Chemin de Targ\u00e9<\/div>\r\n<div class=\"choice-tree-list-answer\">\u00a0\u00a0 49730 Parnay<\/div>\r\n<div class=\"choice-tree-list-answer\">\u00a0\u00a0 France<\/div>\r\n<div>N\u00b0 SIRET : 841 625 205 00015<\/div>\r\n<div>N\u00b0 TVA : FR62 841 625 205<\/div>\r\n<div class=\"choice-tree-list-answer\">Contact : <a href=\"mailto:bienvenue@chateaudetarge.fr\">bienvenue@chateaudetarge.fr<\/a> ou +33 (0) 2 41 38 11 50<\/div>\r\n<div class=\"choice-tree-list-answer\">G\u00e9rant : M Paul Pisani-Ferry, Propri\u00e9taire Vigneron<\/div>\r\n<p>H\u00e9bergement par Terre de Pixels, <span class=\"adress\">5 rue Nationale, Concourson-sur-Layon, 49700 Dou\u00e9-en-Anjou, France. Contact :\u00a0<\/span><span class=\"mail\"><a href=\"mailto:benoit@terredepixels.fr\">benoit@terredepixels.fr<\/a>, +33 (<span class=\"tel\">2) 53 85 81 87<\/span><\/span><\/p>\r\n<p>\u00a0<\/p>\r\n<p>Pour tout renseignement sur les <strong>Conditions G\u00e9n\u00e9rales de Vente<\/strong> aux Professionnels comme aux Particuliers, veuillez consulter<strong> <a href=\"https:\/\/chateaudetarge.fr\/conditions-generales-de-vente\/\">la page d\u00e9di\u00e9e aux CGV<\/a><\/strong>.<\/p>\r\n<\/div>\r\n<\/div>\r\n<p>\u00a0<\/p>\r\n<div class=\"choice-tree-item no-print\">\r\n<div class=\"choice-tree-item-demarche printArea\" data-test=\"choiceTreeResult\">\r\n<div class=\"choice-tree-list-answer\">\r\n<p>Pour tout renseignement sur <strong>l'utilisation de donn\u00e9es personnelles, <\/strong>veuillez consulter<strong><a href=\"https:\/\/chateaudetarge.fr\/rgpd\/\"> la page d\u00e9di\u00e9e RGPD<\/a>.<\/strong><\/p>\r\n<\/div>\r\n<\/div>\r\n<\/div>\r\n[\/et_pb_text][\/et_pb_column][\/et_pb_row][\/et_pb_section]","_et_gb_content_width":"","footnotes":""},"class_list":["post-2706","page","type-page","status-publish","hentry"],"acf":[],"_links":{"self":[{"href":"https:\/\/chateaudetarge.fr\/en\/wp-json\/wp\/v2\/pages\/2706","targetHints":{"allow":["GET"]}}],"collection":[{"href":"https:\/\/chateaudetarge.fr\/en\/wp-json\/wp\/v2\/pages"}],"about":[{"href":"https:\/\/chateaudetarge.fr\/en\/wp-json\/wp\/v2\/types\/page"}],"author":[{"embeddable":true,"href":"https:\/\/chateaudetarge.fr\/en\/wp-json\/wp\/v2\/users\/1"}],"replies":[{"embeddable":true,"href":"https:\/\/chateaudetarge.fr\/en\/wp-json\/wp\/v2\/comments?post=2706"}],"version-history":[{"count":1,"href":"https:\/\/chateaudetarge.fr\/en\/wp-json\/wp\/v2\/pages\/2706\/revisions"}],"predecessor-version":[{"id":3935,"href":"https:\/\/chateaudetarge.fr\/en\/wp-json\/wp\/v2\/pages\/2706\/revisions\/3935"}],"wp:attachment":[{"href":"https:\/\/chateaudetarge.fr\/en\/wp-json\/wp\/v2\/media?parent=2706"}],"curies":[{"name":"wp","href":"https:\/\/api.w.org\/{rel}","templated":true}]}}