{"id":2718,"date":"2021-01-12T10:35:19","date_gmt":"2021-01-12T10:35:19","guid":{"rendered":"https:\/\/chateaudetarge.fr\/?page_id=2718"},"modified":"2022-07-19T13:53:04","modified_gmt":"2022-07-19T13:53:04","slug":"partners","status":"publish","type":"page","link":"https:\/\/chateaudetarge.fr\/en\/partners\/","title":{"rendered":"Partners"},"content":{"rendered":"<p>[et_pb_section fb_built=&#8221;1&#8243; module_class=&#8221;lgrfd&#8221; _builder_version=&#8221;4.16&#8243; background_image=&#8221;https:\/\/chateaudetarge.fr\/wp-content\/uploads\/b-_0021_trouver-vins-saumur.jpg&#8221; global_colors_info=&#8221;{}&#8221;][et_pb_row _builder_version=&#8221;4.16&#8243; global_colors_info=&#8221;{}&#8221;][et_pb_column type=&#8221;4_4&#8243; _builder_version=&#8221;4.16&#8243; global_colors_info=&#8221;{}&#8221;][et_pb_text _builder_version=&#8221;4.17.4&#8243; global_colors_info=&#8221;{}&#8221;]<\/p>\n<h1><span style=\"font-weight: 400;\">Our partners<\/span><\/h1>\n<p>[\/et_pb_text][\/et_pb_column][\/et_pb_row][\/et_pb_section][et_pb_section fb_built=&#8221;1&#8243; admin_label=&#8221;Section&#8221; module_class=&#8221;grisou&#8221; _builder_version=&#8221;4.16&#8243; global_colors_info=&#8221;{}&#8221;][et_pb_row _builder_version=&#8221;4.16&#8243; global_colors_info=&#8221;{}&#8221;][et_pb_column type=&#8221;4_4&#8243; _builder_version=&#8221;4.16&#8243; global_colors_info=&#8221;{}&#8221;][et_pb_text admin_label=&#8221;Partenaires&#8221; _builder_version=&#8221;4.17.4&#8243; global_colors_info=&#8221;{}&#8221;]<\/p>\n<p><span style=\"font-weight: 400;\">Website created by the superb team at <\/span>\u00a0<a href=\"https:\/\/terredepixels.fr\/\" target=\"_blank\" rel=\"noopener\"><strong>Terre de Pixels<\/strong><\/a>.<\/p>\n<p><span style=\"font-weight: 400;\">Photos by photographer<\/span> <strong><a href=\"https:\/\/www.unpetitcoindeparapluie.com\/\" target=\"_blank\" rel=\"noopener\">Patrick Lombaert<\/a><\/strong> <span style=\"font-weight: 400;\">and video maker <\/span>\u00a0<strong><a href=\"http:\/\/www.madetcat.net\/madeleine-caillard\" target=\"_blank\" rel=\"noopener\">Madeleine Caillard<\/a><\/strong>.<span style=\"font-weight: 400;\"> \u00a0<\/span><\/p>\n<p><span style=\"font-weight: 400;\">If you\u2019re thinking of visiting the region, get in touch with Saumur\u2019s tourist office to get their helpful recommendations<\/span> <a href=\"https:\/\/www.ot-saumur.fr\/\" target=\"_blank\" rel=\"noopener\"><strong>Office de Tourisme de Saumur<\/strong><\/a>.<\/p>\n<p>&nbsp;<\/p>\n<h3><span style=\"font-weight: 400;\">Partner hotels:<\/span><\/h3>\n<ul>\n<li><strong><a href=\"https:\/\/www.hotel-croixblanche.com\/\" target=\"_blank\" rel=\"noopener\">La Croix Blanche<\/a><\/strong>\u00a0in Fontevraud<\/li>\n<li><a href=\"https:\/\/www.cristal-hotel.fr\/\" target=\"_blank\" rel=\"noopener\"><strong>Le Cristal H\u00f4tel<\/strong><\/a> in Saumur<\/li>\n<li><a href=\"https:\/\/www.domainederoiffe.fr\/\" target=\"_blank\" rel=\"noopener\"><strong>Le Domaine de Roiff\u00e9<\/strong><\/a><\/li>\n<li><a href=\"https:\/\/www.lelondres.com\/\" target=\"_blank\" rel=\"noopener\"><strong>H\u00f4tel Le Londres<\/strong><\/a> in Saumur<\/li>\n<li><a href=\"https:\/\/domaine-de-mestre.com\" target=\"_blank\" rel=\"noopener\"><strong>Le Domaine de Mestr\u00e9<\/strong><\/a> in Fontevraud<\/li>\n<li><a href=\"https:\/\/www.lesterrassesdesaumur.fr\/\" target=\"_blank\" rel=\"noopener\"><strong>Les Terrasses de Saumur<\/strong><\/a> H\u00f4tel &amp; Spa, in St-Hilaire-St-Florent<\/li>\n<li><a href=\"https:\/\/www.hotel-lebussy.fr\/\" target=\"_blank\" rel=\"noopener\"><strong>H\u00f4tel Le Bussy<\/strong><\/a> in Montsoreau<\/li>\n<li><strong><a href=\"https:\/\/www.sohotel.fr\/\" target=\"_blank\" rel=\"noopener\">Sohotel<\/a><\/strong> in Saumur<\/li>\n<li><a href=\"https:\/\/www.hotelduparc.fr\/\" target=\"_blank\" rel=\"noopener\"><strong>H\u00f4tel du Parc<\/strong><\/a> in Saumur<\/li>\n<li><a href=\"https:\/\/www.hotel-anneanjou.com\/\" target=\"_blank\" rel=\"noopener\"><strong>H\u00f4tel Anne d\u2019Anjou<\/strong><\/a> in Saumur<\/li>\n<li><a href=\"https:\/\/www.prieure.com\/\" target=\"_blank\" rel=\"noopener\"><strong>Hostellerie du Prieur\u00e9<\/strong><\/a> in Ch\u00eanehutte<\/li>\n<li><a href=\"https:\/\/www.domainedepresle.fr\/\" target=\"_blank\" rel=\"noopener\"><strong>Domaine de Presle<\/strong><\/a> in Distr\u00e9<\/li>\n<li><a href=\"https:\/\/www.fontevraud.fr\/\" target=\"_blank\" rel=\"noopener\"><strong>L&#8217;Abbaye de Fontevraud<\/strong><\/a><\/li>\n<\/ul>\n<p>[\/et_pb_text][\/et_pb_column][\/et_pb_row][\/et_pb_section]<\/p>\n","protected":false},"excerpt":{"rendered":"<p>Our partnersWebsite created by the superb team at \u00a0Terre de Pixels. Photos by photographer Patrick Lombaert and video maker \u00a0Madeleine Caillard. \u00a0 If you\u2019re thinking of visiting the region, get in touch with Saumur\u2019s tourist office to get their helpful recommendations Office de Tourisme de Saumur. &nbsp; Partner hotels: La Croix Blanche\u00a0in Fontevraud Le Cristal H\u00f4tel in Saumur Le Domaine de Roiff\u00e9 H\u00f4tel Le Londres in Saumur Le Domaine de Mestr\u00e9 in Fontevraud Les Terrasses de Saumur H\u00f4tel &amp; Spa, in St-Hilaire-St-Florent H\u00f4tel Le Bussy in Montsoreau Sohotel in Saumur H\u00f4tel du Parc in Saumur H\u00f4tel Anne d\u2019Anjou in Saumur Hostellerie du Prieur\u00e9 in Ch\u00eanehutte Domaine de Presle in Distr\u00e9 L&#8217;Abbaye de Fontevraud<\/p>\n","protected":false},"author":1,"featured_media":0,"parent":0,"menu_order":0,"comment_status":"closed","ping_status":"closed","template":"","meta":{"_acf_changed":false,"_et_pb_use_builder":"on","_et_pb_old_content":"[et_pb_section fb_built=\"1\" module_class=\"lgrfd\" _builder_version=\"4.6.0\" background_image=\"https:\/\/chateaudetarge.fr\/wp-content\/uploads\/b-_0021_trouver-vins-saumur.jpg\"][et_pb_row _builder_version=\"4.4.8\"][et_pb_column type=\"4_4\" _builder_version=\"4.4.7\"][et_pb_text _builder_version=\"4.6.0\"]<h1>Nos partenaires<\/h1>[\/et_pb_text][\/et_pb_column][\/et_pb_row][\/et_pb_section][et_pb_section fb_built=\"1\" admin_label=\"Section\" module_class=\"grisou\" _builder_version=\"4.4.8\"][et_pb_row _builder_version=\"4.4.7\"][et_pb_column type=\"4_4\" _builder_version=\"4.4.7\"][et_pb_text admin_label=\"Partenaires\" _builder_version=\"4.7.4\" hover_enabled=\"0\" sticky_enabled=\"0\"]<p>Site web r\u00e9alis\u00e9 par l'excellente \u00e9quipe de <a href=\"https:\/\/terredepixels.fr\/\"><strong>Terre de Pixels<\/strong><\/a>.<\/p>\r\n<p>Photos prises par le photographe <strong><a href=\"https:\/\/www.unpetitcoindeparapluie.com\/\">Patrick Lombaert<\/a><\/strong> ou la vid\u00e9aste <strong><a href=\"http:\/\/www.madetcat.net\/madeleine-caillard\">Madeleine Caillard<\/a><\/strong>.<\/p>\r\n<p>Partenaire incontournable pour visiter la r\u00e9gion, n'h\u00e9sitez pas \u00e0 contacter l'<a href=\"https:\/\/www.ot-saumur.fr\/\"><strong>Office de Tourisme de Saumur<\/strong><\/a>.<\/p>\r\n<p>\u00a0<\/p>\r\n<h3>H\u00f4tels partenaires :<\/h3>\r\n<ul>\r\n<li><strong><a href=\"https:\/\/www.hotel-croixblanche.com\/\">La Croix Blanche<\/a><\/strong> \u00e0 Fontevraud<\/li>\r\n<li><a href=\"https:\/\/www.cristal-hotel.fr\/\"><strong>Le Cristal H\u00f4tel<\/strong><\/a> \u00e0 Saumur<\/li>\r\n<li><a href=\"https:\/\/www.domainederoiffe.fr\/\"><strong>Le Domaine de Roiff\u00e9<\/strong><\/a><\/li>\r\n<li><a href=\"https:\/\/www.lelondres.com\/\"><strong>H\u00f4tel Le Londres<\/strong><\/a> \u00e0 Saumur<\/li>\r\n<li><a href=\"https:\/\/domaine-de-mestre.com\"><strong>Le Domaine de Mestr\u00e9<\/strong><\/a> \u00e0 Fontevraud<\/li>\r\n<li><a href=\"https:\/\/www.lesterrassesdesaumur.fr\/\"><strong>Les Terrasses de Saumur<\/strong><\/a> H\u00f4tel & Spa, \u00e0 St-Hilaire-St-Florent<\/li>\r\n<li><a href=\"https:\/\/www.hotel-lebussy.fr\/\"><strong>H\u00f4tel Le Bussy<\/strong><\/a> \u00e0 Montsoreau<\/li>\r\n<li><strong><a href=\"https:\/\/www.sohotel.fr\/\">Sohotel<\/a><\/strong> \u00e0 Saumur<\/li>\r\n<li><a href=\"https:\/\/www.hotelduparc.fr\/\"><strong>H\u00f4tel du Parc<\/strong><\/a> \u00e0 Saumur<\/li>\r\n<li><a href=\"https:\/\/www.hotel-anneanjou.com\/\"><strong>H\u00f4tel Anne d\u2019Anjou<\/strong><\/a> \u00e0 Saumur<\/li>\r\n<li><a href=\"https:\/\/www.prieure.com\/\"><strong>Hostellerie du Prieur\u00e9<\/strong><\/a> \u00e0 Ch\u00eanehutte<\/li>\r\n<li><a href=\"https:\/\/www.domainedepresle.fr\/\"><strong>Domaine de Presle<\/strong><\/a> \u00e0 Distr\u00e9<\/li>\r\n<li><a href=\"https:\/\/www.fontevraud.fr\/\"><strong>L'Abbaye de Fontevraud<\/strong><\/a><\/li>\r\n<\/ul>\r\n[\/et_pb_text][\/et_pb_column][\/et_pb_row][\/et_pb_section]","_et_gb_content_width":"","footnotes":""},"class_list":["post-2718","page","type-page","status-publish","hentry"],"acf":[],"_links":{"self":[{"href":"https:\/\/chateaudetarge.fr\/en\/wp-json\/wp\/v2\/pages\/2718","targetHints":{"allow":["GET"]}}],"collection":[{"href":"https:\/\/chateaudetarge.fr\/en\/wp-json\/wp\/v2\/pages"}],"about":[{"href":"https:\/\/chateaudetarge.fr\/en\/wp-json\/wp\/v2\/types\/page"}],"author":[{"embeddable":true,"href":"https:\/\/chateaudetarge.fr\/en\/wp-json\/wp\/v2\/users\/1"}],"replies":[{"embeddable":true,"href":"https:\/\/chateaudetarge.fr\/en\/wp-json\/wp\/v2\/comments?post=2718"}],"version-history":[{"count":2,"href":"https:\/\/chateaudetarge.fr\/en\/wp-json\/wp\/v2\/pages\/2718\/revisions"}],"predecessor-version":[{"id":4202,"href":"https:\/\/chateaudetarge.fr\/en\/wp-json\/wp\/v2\/pages\/2718\/revisions\/4202"}],"wp:attachment":[{"href":"https:\/\/chateaudetarge.fr\/en\/wp-json\/wp\/v2\/media?parent=2718"}],"curies":[{"name":"wp","href":"https:\/\/api.w.org\/{rel}","templated":true}]}}