{"id":2727,"date":"2021-01-12T10:40:57","date_gmt":"2021-01-12T10:40:57","guid":{"rendered":"https:\/\/chateaudetarge.fr\/?page_id=2727"},"modified":"2022-05-13T15:18:07","modified_gmt":"2022-05-13T15:18:07","slug":"gdrp","status":"publish","type":"page","link":"https:\/\/chateaudetarge.fr\/en\/gdrp\/","title":{"rendered":"GDRP"},"content":{"rendered":"<p>[et_pb_section fb_built=&#8221;1&#8243; module_class=&#8221;lgrfd&#8221; _builder_version=&#8221;4.16&#8243; background_image=&#8221;https:\/\/chateaudetarge.fr\/wp-content\/uploads\/20200620_targe-220-scaled.jpg&#8221; global_colors_info=&#8221;{}&#8221;][et_pb_row _builder_version=&#8221;4.16&#8243; global_colors_info=&#8221;{}&#8221;][et_pb_column type=&#8221;4_4&#8243; _builder_version=&#8221;4.16&#8243; global_colors_info=&#8221;{}&#8221;][et_pb_text _builder_version=&#8221;4.17.4&#8243; hover_enabled=&#8221;0&#8243; global_colors_info=&#8221;{}&#8221; sticky_enabled=&#8221;0&#8243;]<\/p>\n<h1>GDPR<\/h1>\n<p>[\/et_pb_text][\/et_pb_column][\/et_pb_row][\/et_pb_section][et_pb_section fb_built=&#8221;1&#8243; admin_label=&#8221;Section&#8221; module_class=&#8221;grisou&#8221; _builder_version=&#8221;4.16&#8243; global_colors_info=&#8221;{}&#8221;][et_pb_row _builder_version=&#8221;4.16&#8243; global_colors_info=&#8221;{}&#8221;][et_pb_column type=&#8221;4_4&#8243; _builder_version=&#8221;4.16&#8243; global_colors_info=&#8221;{}&#8221;][et_pb_text admin_label=&#8221;RGPD&#8221; _builder_version=&#8221;4.17.4&#8243; hover_enabled=&#8221;0&#8243; global_colors_info=&#8221;{}&#8221; sticky_enabled=&#8221;0&#8243;]<\/p>\n<h3>Objet du traitement<\/h3>\n<p>La SARL Manoir de Targ\u00e9, dont le si\u00e8ge est situ\u00e9 Chemin de Targ\u00e9, 49730 Parnay, dispose d\u2019un site internet de vente en ligne. Ce site permet de recevoir les commandes de nos clients et les donn\u00e9es collect\u00e9es \u00e0 cette occasion sont enregistr\u00e9es et trait\u00e9es dans un fichier clients.<\/p>\n<p>Ce fichier permet de\u00a0:<\/p>\n<ul>\n<li>G\u00e9rer les commandes, le paiement et la livraison.<\/li>\n<li>Contacter nos clients et prospect s&#8217;\u00e9tant enregistr\u00e9s pour transmettre des nouvelles du domaine, par exemple concernant des \u00e9v\u00e9nements ou lors de la sortie de nouvelles cuv\u00e9es<\/li>\n<\/ul>\n<h3>Bases l\u00e9gales des traitements<\/h3>\n<ul>\n<li>Gestion des commandes\u00a0: la base l\u00e9gale du traitement est l\u2019ex\u00e9cution d\u2019un contrat (Cf. article 6.1.b) du R\u00e8glement europ\u00e9en sur la protection des donn\u00e9es).<\/li>\n<li>Envoi de sollicitations commerciales sur nos produits : les bases l\u00e9gales du traitement sont\n<ul>\n<li>l\u2019int\u00e9r\u00eat l\u00e9gitime de la soci\u00e9t\u00e9 (Cf. article 6.1.f) du R\u00e8glement europ\u00e9en sur la protection des donn\u00e9es), \u00e0 savoir promouvoir nos produits aupr\u00e8s de nos clients.<\/li>\n<li>le consentement (Cf. article 6.1.a) du R\u00e8glement europ\u00e9en sur la protection des donn\u00e9es), comme l\u2019exige l\u2019article L. 34-5 du code des postes et des communications \u00e9lectroniques.<\/li>\n<\/ul>\n<\/li>\n<\/ul>\n<h3>Cat\u00e9gories de donn\u00e9es<\/h3>\n<ul>\n<li>Identit\u00e9\u00a0: civilit\u00e9, nom, pr\u00e9nom, adresse, adresse de livraison, num\u00e9ro de t\u00e9l\u00e9phone, adresse \u00e9lectronique, date de naissance, code interne de traitement permettant l&#8217;identification du client, donn\u00e9es relatives \u00e0 l\u2019enregistrement sur des listes d\u2019opposition.<\/li>\n<li>Donn\u00e9es relatives aux commandes\u00a0: num\u00e9ro de la transaction, d\u00e9tail des achats, montant des achats, donn\u00e9es relatives au r\u00e8glement des factures (r\u00e8glements, impay\u00e9s, remises), retour de produits.<\/li>\n<li>Donn\u00e9es relatives aux moyens de paiement : num\u00e9ro de carte bancaire, date de fin de validit\u00e9 de la carte bancaire, cryptogramme visuel (lequel est imm\u00e9diatement effac\u00e9).<\/li>\n<li>Donn\u00e9es n\u00e9cessaires \u00e0 la r\u00e9alisation des actions de fid\u00e9lisation et de prospection\u00a0: historique des achats.<\/li>\n<\/ul>\n<h3>Destinataires des donn\u00e9es<\/h3>\n<ul>\n<li>La SARL Manoir de Targ\u00e9 est destinataire de l\u2019ensemble des cat\u00e9gories de donn\u00e9es.<\/li>\n<li>Ses sous-traitants, charg\u00e9s de la livraison de ses commandes, sont destinataires de l\u2019identit\u00e9, de l\u2019adresse, du num\u00e9ro de t\u00e9l\u00e9phone et de l&#8217;adresse mail de nos clients.<\/li>\n<\/ul>\n<h3>Dur\u00e9e de conservation des donn\u00e9es<\/h3>\n<ul>\n<li>Donn\u00e9es n\u00e9cessaires \u00e0 la gestion des commandes et \u00e0 la facturation : pendant toute la dur\u00e9e de la relation commerciale et dix (10) ans au titre des obligations comptables.<\/li>\n<li>Donn\u00e9es n\u00e9cessaires \u00e0 la r\u00e9alisation des actions de fid\u00e9lisation et \u00e0 la prospection\u00a0: pendant toute la dur\u00e9e de la relation commerciale et trois (3) ans \u00e0 compter du dernier achat.<\/li>\n<li>Donn\u00e9es concernant les listes d&#8217;opposition \u00e0 recevoir de la prospection<strong>\u00a0:<\/strong> trois (3) ans.<\/li>\n<\/ul>\n<h3>Vos droits<\/h3>\n<p>Si vous ne souhaitez plus recevoir de message de notre part (exercice du droit d\u2019opposition ou retrait d\u2019un consentement d\u00e9j\u00e0 donn\u00e9), <strong><u>contactez-nous<\/u><\/strong> \u00e0 <a href=\"mailto:bienvenue@chateaudetarge.fr\">bienvenue@chateaudetarge.fr<\/a><\/p>\n<p>Vous pouvez acc\u00e9der aux donn\u00e9es vous concernant, les rectifier ou les faire effacer. Vous disposez \u00e9galement d&#8217;un droit \u00e0 la portabilit\u00e9 et d\u2019un droit \u00e0 la limitation du traitement de vos donn\u00e9es (Consultez le site\u00a0cnil.fr pour plus d\u2019informations sur vos droits).<\/p>\n<p>Pour exercer ces droits ou pour toute question sur le traitement de vos donn\u00e9es dans ce dispositif, vous pouvez nous contacter par voie \u00e9lectronique : <a href=\"mailto:bienvenue@chateaudetarge.fr\">bienvenue@chateaudetarge.fr<\/a> par t\u00e9l\u00e9phone au 02 41 38 11 50, ou par courrier postal \u00e0 l&#8217;adresse Ch\u00e2teau de Targ\u00e9, 49730 PARNAY.<\/p>\n<p>Si vous estimez, apr\u00e8s avoir contact\u00e9 la soci\u00e9t\u00e9 ABCD, que vos droits \u00ab Informatique et Libert\u00e9s \u00bb ne sont pas respect\u00e9s, vous pouvez adresser une r\u00e9clamation en ligne \u00e0 la CNIL.<\/p>\n<p>[\/et_pb_text][\/et_pb_column][\/et_pb_row][\/et_pb_section]<\/p>\n","protected":false},"excerpt":{"rendered":"<p>GDPRObjet du traitement La SARL Manoir de Targ\u00e9, dont le si\u00e8ge est situ\u00e9 Chemin de Targ\u00e9, 49730 Parnay, dispose d\u2019un site internet de vente en ligne. Ce site permet de recevoir les commandes de nos clients et les donn\u00e9es collect\u00e9es \u00e0 cette occasion sont enregistr\u00e9es et trait\u00e9es dans un fichier clients. Ce fichier permet de\u00a0: G\u00e9rer les commandes, le paiement et la livraison. Contacter nos clients et prospect s&#8217;\u00e9tant enregistr\u00e9s pour transmettre des nouvelles du domaine, par exemple concernant des \u00e9v\u00e9nements ou lors de la sortie de nouvelles cuv\u00e9es Bases l\u00e9gales des traitements Gestion des commandes\u00a0: la base l\u00e9gale du traitement est l\u2019ex\u00e9cution d\u2019un contrat (Cf. article 6.1.b) du R\u00e8glement europ\u00e9en sur la protection des donn\u00e9es). Envoi de sollicitations commerciales sur nos produits : les bases l\u00e9gales du traitement sont l\u2019int\u00e9r\u00eat l\u00e9gitime de la soci\u00e9t\u00e9 (Cf. article 6.1.f) du R\u00e8glement europ\u00e9en sur la protection des donn\u00e9es), \u00e0 savoir promouvoir nos produits aupr\u00e8s de nos clients. le consentement (Cf. article 6.1.a) du R\u00e8glement europ\u00e9en sur la protection des donn\u00e9es), comme l\u2019exige l\u2019article L. 34-5 du code des postes et des communications \u00e9lectroniques. Cat\u00e9gories de donn\u00e9es Identit\u00e9\u00a0: civilit\u00e9, nom, pr\u00e9nom, adresse, adresse de livraison, num\u00e9ro de t\u00e9l\u00e9phone, adresse \u00e9lectronique, date de naissance, [&hellip;]<\/p>\n","protected":false},"author":1,"featured_media":0,"parent":0,"menu_order":0,"comment_status":"closed","ping_status":"closed","template":"","meta":{"_acf_changed":false,"_et_pb_use_builder":"on","_et_pb_old_content":"[et_pb_section fb_built=\"1\" module_class=\"lgrfd\" _builder_version=\"4.7.4\" background_image=\"https:\/\/chateaudetarge.fr\/wp-content\/uploads\/20200620_targe-220-scaled.jpg\"][et_pb_row _builder_version=\"4.4.8\"][et_pb_column type=\"4_4\" _builder_version=\"4.4.7\"][et_pb_text _builder_version=\"4.7.4\" hover_enabled=\"0\" sticky_enabled=\"0\"]<h1>RGPD<\/h1>\r\n[\/et_pb_text][\/et_pb_column][\/et_pb_row][\/et_pb_section][et_pb_section fb_built=\"1\" admin_label=\"Section\" module_class=\"grisou\" _builder_version=\"4.4.8\"][et_pb_row _builder_version=\"4.4.7\"][et_pb_column type=\"4_4\" _builder_version=\"4.4.7\"][et_pb_text admin_label=\"RGPD\" _builder_version=\"4.7.4\" hover_enabled=\"0\" sticky_enabled=\"0\"]<h3>Objet du traitement<\/h3>\r\n<p>La SARL Manoir de Targ\u00e9, dont le si\u00e8ge est situ\u00e9 Chemin de Targ\u00e9, 49730 Parnay, dispose d\u2019un site internet de vente en ligne. Ce site permet de recevoir les commandes de nos clients et les donn\u00e9es collect\u00e9es \u00e0 cette occasion sont enregistr\u00e9es et trait\u00e9es dans un fichier clients.<\/p>\r\n<p>Ce fichier permet de\u00a0:<\/p>\r\n<ul>\r\n<li>G\u00e9rer les commandes, le paiement et la livraison.<\/li>\r\n<li>Contacter nos clients et prospect s'\u00e9tant enregistr\u00e9s pour transmettre des nouvelles du domaine, par exemple concernant des \u00e9v\u00e9nements ou lors de la sortie de nouvelles cuv\u00e9es<\/li>\r\n<\/ul>\r\n<h3>Bases l\u00e9gales des traitements<\/h3>\r\n<ul>\r\n<li>Gestion des commandes\u00a0: la base l\u00e9gale du traitement est l\u2019ex\u00e9cution d\u2019un contrat (Cf. article 6.1.b) du R\u00e8glement europ\u00e9en sur la protection des donn\u00e9es).<\/li>\r\n<li>Envoi de sollicitations commerciales sur nos produits : les bases l\u00e9gales du traitement sont\r\n<ul>\r\n<li>l\u2019int\u00e9r\u00eat l\u00e9gitime de la soci\u00e9t\u00e9 (Cf. article 6.1.f) du R\u00e8glement europ\u00e9en sur la protection des donn\u00e9es), \u00e0 savoir promouvoir nos produits aupr\u00e8s de nos clients.<\/li>\r\n<li>le consentement (Cf. article 6.1.a) du R\u00e8glement europ\u00e9en sur la protection des donn\u00e9es), comme l\u2019exige l\u2019article L. 34-5 du code des postes et des communications \u00e9lectroniques.<\/li>\r\n<\/ul>\r\n<\/li>\r\n<\/ul>\r\n<h3>Cat\u00e9gories de donn\u00e9es<\/h3>\r\n<ul>\r\n<li>Identit\u00e9\u00a0: civilit\u00e9, nom, pr\u00e9nom, adresse, adresse de livraison, num\u00e9ro de t\u00e9l\u00e9phone, adresse \u00e9lectronique, date de naissance, code interne de traitement permettant l'identification du client, donn\u00e9es relatives \u00e0 l\u2019enregistrement sur des listes d\u2019opposition.<\/li>\r\n<li>Donn\u00e9es relatives aux commandes\u00a0: num\u00e9ro de la transaction, d\u00e9tail des achats, montant des achats, donn\u00e9es relatives au r\u00e8glement des factures (r\u00e8glements, impay\u00e9s, remises), retour de produits.<\/li>\r\n<li>Donn\u00e9es relatives aux moyens de paiement : num\u00e9ro de carte bancaire, date de fin de validit\u00e9 de la carte bancaire, cryptogramme visuel (lequel est imm\u00e9diatement effac\u00e9).<\/li>\r\n<li>Donn\u00e9es n\u00e9cessaires \u00e0 la r\u00e9alisation des actions de fid\u00e9lisation et de prospection\u00a0: historique des achats.<\/li>\r\n<\/ul>\r\n<h3>Destinataires des donn\u00e9es<\/h3>\r\n<ul>\r\n<li>La SARL Manoir de Targ\u00e9 est destinataire de l\u2019ensemble des cat\u00e9gories de donn\u00e9es.<\/li>\r\n<li>Ses sous-traitants, charg\u00e9s de la livraison de ses commandes, sont destinataires de l\u2019identit\u00e9, de l\u2019adresse, du num\u00e9ro de t\u00e9l\u00e9phone et de l'adresse mail de nos clients.<\/li>\r\n<\/ul>\r\n<h3>Dur\u00e9e de conservation des donn\u00e9es<\/h3>\r\n<ul>\r\n<li>Donn\u00e9es n\u00e9cessaires \u00e0 la gestion des commandes et \u00e0 la facturation : pendant toute la dur\u00e9e de la relation commerciale et dix (10) ans au titre des obligations comptables.<\/li>\r\n<li>Donn\u00e9es n\u00e9cessaires \u00e0 la r\u00e9alisation des actions de fid\u00e9lisation et \u00e0 la prospection\u00a0: pendant toute la dur\u00e9e de la relation commerciale et trois (3) ans \u00e0 compter du dernier achat.<\/li>\r\n<li>Donn\u00e9es concernant les listes d'opposition \u00e0 recevoir de la prospection<strong>\u00a0:<\/strong> trois (3) ans.<\/li>\r\n<\/ul>\r\n<h3>Vos droits<\/h3>\r\n<p>Si vous ne souhaitez plus recevoir de message de notre part (exercice du droit d\u2019opposition ou retrait d\u2019un consentement d\u00e9j\u00e0 donn\u00e9), <strong><u>contactez-nous<\/u><\/strong> \u00e0 <a href=\"mailto:bienvenue@chateaudetarge.fr\">bienvenue@chateaudetarge.fr<\/a><\/p>\r\n<p>Vous pouvez acc\u00e9der aux donn\u00e9es vous concernant, les rectifier ou les faire effacer. Vous disposez \u00e9galement d'un droit \u00e0 la portabilit\u00e9 et d\u2019un droit \u00e0 la limitation du traitement de vos donn\u00e9es (Consultez le site\u00a0cnil.fr pour plus d\u2019informations sur vos droits).<\/p>\r\n<p>Pour exercer ces droits ou pour toute question sur le traitement de vos donn\u00e9es dans ce dispositif, vous pouvez nous contacter par voie \u00e9lectronique : <a href=\"mailto:bienvenue@chateaudetarge.fr\">bienvenue@chateaudetarge.fr<\/a> par t\u00e9l\u00e9phone au 02 41 38 11 50, ou par courrier postal \u00e0 l'adresse Ch\u00e2teau de Targ\u00e9, 49730 PARNAY.<\/p>\r\n<p>Si vous estimez, apr\u00e8s avoir contact\u00e9 la soci\u00e9t\u00e9 ABCD, que vos droits \u00ab Informatique et Libert\u00e9s \u00bb ne sont pas respect\u00e9s, vous pouvez adresser une r\u00e9clamation en ligne \u00e0 la CNIL.<\/p>\r\n[\/et_pb_text][\/et_pb_column][\/et_pb_row][\/et_pb_section]","_et_gb_content_width":"","footnotes":""},"class_list":["post-2727","page","type-page","status-publish","hentry"],"acf":[],"_links":{"self":[{"href":"https:\/\/chateaudetarge.fr\/en\/wp-json\/wp\/v2\/pages\/2727","targetHints":{"allow":["GET"]}}],"collection":[{"href":"https:\/\/chateaudetarge.fr\/en\/wp-json\/wp\/v2\/pages"}],"about":[{"href":"https:\/\/chateaudetarge.fr\/en\/wp-json\/wp\/v2\/types\/page"}],"author":[{"embeddable":true,"href":"https:\/\/chateaudetarge.fr\/en\/wp-json\/wp\/v2\/users\/1"}],"replies":[{"embeddable":true,"href":"https:\/\/chateaudetarge.fr\/en\/wp-json\/wp\/v2\/comments?post=2727"}],"version-history":[{"count":1,"href":"https:\/\/chateaudetarge.fr\/en\/wp-json\/wp\/v2\/pages\/2727\/revisions"}],"predecessor-version":[{"id":3931,"href":"https:\/\/chateaudetarge.fr\/en\/wp-json\/wp\/v2\/pages\/2727\/revisions\/3931"}],"wp:attachment":[{"href":"https:\/\/chateaudetarge.fr\/en\/wp-json\/wp\/v2\/media?parent=2727"}],"curies":[{"name":"wp","href":"https:\/\/api.w.org\/{rel}","templated":true}]}}